{"id":1667,"date":"2019-04-11T11:59:15","date_gmt":"2019-04-11T11:59:15","guid":{"rendered":"https:\/\/www.sprach-kaffee.de\/what-is-where\/banken\/"},"modified":"2019-04-17T11:32:10","modified_gmt":"2019-04-17T11:32:10","slug":"banken","status":"publish","type":"page","link":"\/en\/was-ist-wo\/banken\/","title":{"rendered":"Banks"},"content":{"rendered":"<div id='av_section_1'  class='avia-section main_color avia-section-default avia-no-border-styling avia-bg-style-scroll  avia-builder-el-0  el_before_av_section  avia-builder-el-first   container_wrap fullsize' style='background-color: #877f7d;  '  ><div class='container' ><main  role=\"main\" itemprop=\"mainContentOfPage\"  class='template-page content  av-content-full alpha units'><div class='post-entry post-entry-type-page post-entry-1667'><div class='entry-content-wrapper clearfix'>\n<div class=\"flex_column av_one_full  flex_column_div av-zero-column-padding first  avia-builder-el-1  avia-builder-el-no-sibling  \" style='border-radius:0px; '><section class=\"av_textblock_section \"  itemscope=\"itemscope\" itemtype=\"https:\/\/schema.org\/CreativeWork\" ><div class='avia_textblock  av_inherit_color '  style='color:#ffffff; '  itemprop=\"text\" ><h1>Banken<\/h1>\n<\/div><\/section><\/div><div class=\"flex_column av_one_half  flex_column_div av-zero-column-padding first  \" style='border-radius:0px; '><div  class='avia-image-container  av-styling-    avia-align-center '  itemprop=\"image\" itemscope=\"itemscope\" itemtype=\"https:\/\/schema.org\/ImageObject\"  ><div class='avia-image-container-inner'><div class='avia-image-overlay-wrap'><img class='avia_image' src='\/dm-wp-content\/uploads\/Banken-300px-102-1030x408.jpg' alt='' title='Banken 300px-102' height=\"408\" width=\"1030\"  itemprop=\"thumbnailUrl\"  \/><\/div><\/div><\/div><\/div><div class=\"flex_column av_one_half  flex_column_div av-zero-column-padding   \" style='border-radius:0px; '><section class=\"av_textblock_section \"  itemscope=\"itemscope\" itemtype=\"https:\/\/schema.org\/CreativeWork\" ><div class='avia_textblock  '   itemprop=\"text\" ><p>Jeder braucht ein Konto bei einer Bank, doch man muss einige Dinge beachten.<\/p>\n<p>Wir haben drei Banken hier, bei denen man ein Konto er\u00f6ffnen kann. Die Sparkasse Paderborn-Detmold, dann die Verbundvolksbank &#8211; OWL und die Volksbank Delbr\u00fcck H\u00f6velhof.<\/p>\n<\/div><\/section><\/div><div class=\"flex_column av_one_full  flex_column_div av-zero-column-padding first  \" style='border-radius:0px; '><section class=\"av_textblock_section \"  itemscope=\"itemscope\" itemtype=\"https:\/\/schema.org\/CreativeWork\" ><div class='avia_textblock  '   itemprop=\"text\" ><p class=\"western\"><span style=\"font-size: medium;\">Um ein Konto zu er\u00f6ffnen ben\u00f6tigt man einen g\u00fcltigen Ausweis mit Foto, die Fiktionsbescheinigung reicht nicht aus. Bei der Fiktionsbescheinigung kann man jedoch in Ausnahmef\u00e4llen ein Foto beim Ausl\u00e4nderamt einf\u00fcgen lassen. Mit einer Meldebescheinigung vom Rathaus, kostet 9 Euro, kann man nun das Konto bei einer der Banken er\u00f6ffnen.<\/span><\/p>\n<p class=\"western\"><span style=\"font-size: medium;\">Mit dem Konto kann man Geld versenden und erhalten, doch es kostet auch Geld, eine Art Service Geb\u00fchr. Wenn man also kein Geld auf dem Konto l\u00e4sst, was gerade am Anfang schnell passieren kann wenn die ganzen Antr\u00e4ge noch nicht durch sind, geht das Konto durch die Geb\u00fchren in das Minus und wird im schlimmsten Fall aufgel\u00f6st, weil es nicht benutzt wird.<\/span><\/p>\n<\/div><\/section><\/div><div class=\"flex_column av_one_full  flex_column_div av-zero-column-padding first  \" style='border-radius:0px; '><div  class='avia-image-container  av-styling-    avia-align-center '  itemprop=\"image\" itemscope=\"itemscope\" itemtype=\"https:\/\/schema.org\/ImageObject\"  ><div class='avia-image-container-inner'><div class='avia-image-overlay-wrap'><img class='avia_image' src='\/dm-wp-content\/uploads\/Banken-300px-101.jpg' alt='' title='Banken 300px-101' height=\"500\" width=\"1304\"  itemprop=\"thumbnailUrl\"  \/><\/div><\/div><\/div><\/div><div class=\"flex_column av_one_full  flex_column_div av-zero-column-padding first  \" style='border-radius:0px; '><section class=\"av_textblock_section \"  itemscope=\"itemscope\" itemtype=\"https:\/\/schema.org\/CreativeWork\" ><div class='avia_textblock  '   itemprop=\"text\" ><p class=\"western\"><span style=\"font-size: medium;\">Eines der gr\u00f6\u00dften Probleme hier ist, das viele sofort alles Geld abholen wenn es eingetroffen ist. Das Verhalten ist absolut falsch, denn dadurch kommt es immer wieder dazu, das Rechnungen nicht bezahlt werden und man dann Mahnungen und Zahlungsaufforderungen erh\u00e4lt, die dann auch Geld kosten. Der wei\u00dfe Zettel, den man erh\u00e4lt wenn man eine \u00dcberweisung bei der Bank abgibt, ist keine Quittung, es ist nur ein Zettel. Ob das Geld der \u00dcberweisung wirklich auch \u00fcberwiesen wurde, h\u00e4ngt davon ab, ob auch das Geld auf dem Konto ist. Das etwas nicht geklappt hat, erkennt man daran, das auf den Kontoausz\u00fcgen ein Minus und dann direkt danach ein Plus bei der \u00dcberweisung steht. Nat\u00fcrlich sollte einem sp\u00e4testens dann auffallen das etwas nicht stimmt, wenn man den Brief der R\u00fcckbuchung von der Bank erh\u00e4lt.<\/span><\/p>\n<\/div><\/section><\/div><div class=\"flex_column av_one_full  flex_column_div av-zero-column-padding first  \" style='border-radius:0px; '><div  class='avia-image-container  av-styling-    avia-align-center '  itemprop=\"image\" itemscope=\"itemscope\" itemtype=\"https:\/\/schema.org\/ImageObject\"  ><div class='avia-image-container-inner'><div class='avia-image-overlay-wrap'><img class='avia_image' src='\/dm-wp-content\/uploads\/Banken-300px-100.jpg' alt='' title='Banken 300px-100' height=\"500\" width=\"1493\"  itemprop=\"thumbnailUrl\"  \/><\/div><\/div><\/div><\/div><div class=\"flex_column av_one_third  flex_column_div av-zero-column-padding first  \" style='border-radius:0px; '><section class=\"av_textblock_section \"  itemscope=\"itemscope\" itemtype=\"https:\/\/schema.org\/CreativeWork\" ><div class='avia_textblock  '   itemprop=\"text\" ><p class=\"western\"><span style=\"font-size: medium;\">Sparkasse Paderborn-Detmold<\/span><\/p>\n<p class=\"western\"><span style=\"font-size: medium;\">Filiale H\u00f6velhof<\/span><\/p>\n<p class=\"western\"><span style=\"font-size: medium;\">Ferdinandstr. 1<\/span><\/p>\n<p class=\"western\"><span style=\"font-size: medium;\">33161 H\u00f6velhof <\/span><\/p>\n<p class=\"western\"><span style=\"font-size: medium;\">Telefon: 05251 292929<\/span><\/p>\n<p class=\"western\"><a href=\"https:\/\/www.sparkasse-paderborn-detmold.de\/de\/home\/ihre-sparkasse\/ihre-sparkasse-vor-ort.html?n=true&amp;stref=hnav\"><span style=\"font-size: medium;\">https:\/\/www.sparkasse-paderborn-detmold.de\/de\/home\/ihre-sparkasse\/ihre-sparkasse-vor-ort.html?n=true&amp;stref=hnav<\/span><\/a><\/p>\n<p class=\"western\"><span style=\"font-size: medium;\">\u00d6ffnungszeiten<\/span><\/p>\n<p class=\"western\"><span style=\"font-size: medium;\">Sparkasse Paderborn-Detmold<\/span><\/p>\n<p class=\"western\"><span style=\"font-size: medium;\">Montag: 09:00-12:00 Uhr <\/span><\/p>\n<p class=\"western\"><span style=\"color: #000000;\"><span style=\"font-size: medium;\"><span lang=\"de-DE\">\u00a0 \u00a0 \u00a0 \u00a0 \u00a0 \u00a0 \u00a0 \u00a0 14:00-16:00 Uhr<\/span><\/span><\/span><\/p>\n<p class=\"western\"><span style=\"font-size: medium;\">Dienstag: 09:00-12:00 Uhr<\/span><\/p>\n<p class=\"western\"><span style=\"color: #000000;\"><span style=\"font-size: medium;\"><span lang=\"de-DE\">\u00a0 \u00a0 \u00a0 \u00a0 \u00a0 \u00a0 \u00a0 \u00a0 \u00a0 14:00-18:00 Uhr<\/span><\/span><\/span><\/p>\n<p class=\"western\"><span style=\"font-size: medium;\">Mittwoch: 09:00-12:00 Uhr<\/span><\/p>\n<p class=\"western\"><span style=\"font-size: medium;\">Donnerstag: 09:00-12:00 Uhr<\/span><\/p>\n<p class=\"western\"><span style=\"color: #000000;\"><span style=\"font-size: medium;\"><span lang=\"de-DE\">\u00a0 \u00a0 \u00a0 \u00a0 \u00a0 \u00a0 \u00a0 \u00a0 \u00a0 \u00a0 \u00a0 \u00a014:00-18:00 Uhr<\/span><\/span><\/span><\/p>\n<p class=\"western\"><span style=\"font-size: medium;\">Freitag: 09:00-12:00 Uhr<\/span><\/p>\n<p class=\"western\"><span style=\"color: #000000;\"><span style=\"font-size: medium;\"><span lang=\"de-DE\">\u00a0 \u00a0 \u00a0 \u00a0 \u00a0 \u00a0 \u00a0 \u00a014:00-16:00 Uhr<\/span><\/span><\/span><\/p>\n<\/div><\/section><\/div><div class=\"flex_column av_one_third  flex_column_div av-zero-column-padding   \" style='border-radius:0px; '><section class=\"av_textblock_section \"  itemscope=\"itemscope\" itemtype=\"https:\/\/schema.org\/CreativeWork\" ><div class='avia_textblock  '   itemprop=\"text\" ><p class=\"western\"><span style=\"font-size: medium;\">Verbundvolksbank \u2013 OWL<\/span><\/p>\n<p class=\"western\"><span style=\"font-size: medium;\">Filiale H\u00f6velhof<br \/>\nAllee 27<br \/>\n33161 H\u00f6velhof<br \/>\nTelefon: 05257 9896-0<\/span><\/p>\n<p class=\"western\"><a href=\"https:\/\/www.verbundvolksbank-owl.de\/homepage.html\"><span style=\"font-size: medium;\">https:\/\/www.verbundvolksbank-owl.de\/homepage.html<\/span><\/a><\/p>\n<p class=\"western\"><span style=\"font-size: medium;\">\u00d6ffnungszeiten<\/span><\/p>\n<p class=\"western\"><span style=\"font-size: medium;\">Verbundvolksbank \u2013 OWL<\/span><\/p>\n<p class=\"western\"><span style=\"font-size: medium;\">Montag: 9:00 &#8211; 12:30 Uhr<\/span><\/p>\n<p class=\"western\"><span style=\"color: #000000;\"><span style=\"font-size: medium;\"><span lang=\"de-DE\">\u00a0 \u00a0 \u00a0 \u00a0 \u00a0 \u00a0 \u00a0 14:00 &#8211; 16:30 Uhr<\/span><\/span><\/span><\/p>\n<p class=\"western\"><span style=\"font-size: medium;\">Dienstag: 9:00 &#8211; 12:30 Uhr<\/span><\/p>\n<p class=\"western\"><span style=\"color: #000000;\"><span style=\"font-size: medium;\"><span lang=\"de-DE\">\u00a0 \u00a0 \u00a0 \u00a0 \u00a0 \u00a0 \u00a0 \u00a0 14:00 &#8211; 18:00 Uhr<\/span><\/span><\/span><\/p>\n<p class=\"western\"><span style=\"font-size: medium;\">Mittwoch: 9:00 &#8211; 12:30 Uhr<\/span><\/p>\n<p class=\"western\"><span style=\"font-size: medium;\">Donnerstag: 9:00 &#8211; 12:30 Uhr<\/span><\/p>\n<p class=\"western\"><span style=\"color: #000000;\"><span style=\"font-size: medium;\"><span lang=\"de-DE\">\u00a0 \u00a0 \u00a0 \u00a0 \u00a0 \u00a0 \u00a0 \u00a0 \u00a0 \u00a0 \u00a0 14:00 &#8211; 18:00 Uhr<\/span><\/span><\/span><\/p>\n<p class=\"western\"><span style=\"font-size: medium;\">Freitag: 9:00 &#8211; 12:30 Uhr<\/span><\/p>\n<p class=\"western\"><span style=\"color: #000000;\"><span style=\"font-size: medium;\"><span lang=\"de-DE\">\u00a0 \u00a0 \u00a0 \u00a0 \u00a0 \u00a0 \u00a0 14:00 &#8211; 16:30 Uhr<\/span><\/span><\/span><\/p>\n<\/div><\/section><\/div><div class=\"flex_column av_one_third  flex_column_div av-zero-column-padding   \" style='border-radius:0px; '><section class=\"av_textblock_section \"  itemscope=\"itemscope\" itemtype=\"https:\/\/schema.org\/CreativeWork\" ><div class='avia_textblock  '   itemprop=\"text\" ><p class=\"western\"><span style=\"font-size: medium;\">Volksbank Delbr\u00fcck-H\u00f6velhof eG<\/span><\/p>\n<p class=\"western\"><span style=\"font-size: medium;\">Gesch\u00e4ftsstelle H\u00f6velhof<br \/>\nAllee 13-15<br \/>\n33161 H\u00f6velhof <\/span><\/p>\n<p class=\"western\"><span style=\"font-size: medium;\">Telefon: 05257 9899-0<\/span><\/p>\n<p class=\"western\"><a href=\"https:\/\/www.volksbank-dh.de\/wir-fuer-sie\/filialen-ansprechpartner\/filialen\/uebersicht-filialen\/geschaeftsstelle-hoevelhof.html\"><span style=\"font-size: medium;\">https:\/\/www.volksbank-dh.de\/wir-fuer-sie\/filialen-ansprechpartner\/filialen\/uebersicht-filialen\/geschaeftsstelle-hoevelhof.html<\/span><\/a><\/p>\n<p class=\"western\"><span style=\"font-size: medium;\">\u00d6ffnungszeiten<\/span><\/p>\n<p class=\"western\"><span style=\"font-size: medium;\">Volksbank Delbr\u00fcck-H\u00f6velhof eG<\/span><\/p>\n<p class=\"western\"><span style=\"color: #000000;\"><span style=\"font-size: medium;\"><span lang=\"de-DE\">Montag &#8211; Freitag:\u00a0<\/span><\/span><\/span><span style=\"color: #000000;\"><span style=\"font-size: medium;\"><span lang=\"de-DE\">08:30 &#8211; 12:30 Uhr <\/span><\/span><\/span><\/p>\n<p class=\"western\"><span style=\"color: #000000;\"><span style=\"font-size: medium;\"><span lang=\"de-DE\">\u00a0 \u00a0 \u00a0 \u00a0 \u00a0 \u00a0 \u00a0 \u00a0 \u00a0 \u00a0 \u00a0 \u00a0 \u00a0 \u00a0 \u00a0 \u00a0 \u00a014:00 &#8211; 17:00 Uhr<\/p>\n<p><\/span><\/span><\/span><span style=\"color: #000000;\"><span style=\"font-size: medium;\"><span lang=\"de-DE\">Donnerstag:\u00a0<\/span><\/span><\/span><span style=\"color: #000000;\"><span style=\"font-size: medium;\"><span lang=\"de-DE\">08:30 &#8211; 12:30 Uhr<\/span><\/span><\/span><\/p>\n<p class=\"western\"><span style=\"font-size: medium;\">\u00a0 \u00a0 \u00a0 \u00a0 \u00a0 \u00a0 \u00a0 \u00a0 \u00a0 \u00a0 \u00a0 \u00a0 14:00 &#8211; 18:00 Uhr<\/span><\/p>\n<\/div><\/section><\/div><\/p>\n","protected":false},"excerpt":{"rendered":"","protected":false},"author":1,"featured_media":0,"parent":2061,"menu_order":0,"comment_status":"closed","ping_status":"closed","template":"","meta":{"footnotes":""},"yoast_head":"<!-- This site is optimized with the Yoast SEO plugin v23.5 - https:\/\/yoast.com\/wordpress\/plugins\/seo\/ -->\n<title>Banks | Sprachkaffee<\/title>\n<meta name=\"robots\" content=\"index, follow, max-snippet:-1, max-image-preview:large, max-video-preview:-1\" \/>\n<link rel=\"canonical\" href=\"https:\/\/www.sprach-kaffee.de\/en\/was-ist-wo\/banken\/\" \/>\n<meta property=\"og:locale\" content=\"en_US\" \/>\n<meta property=\"og:type\" content=\"article\" \/>\n<meta property=\"og:title\" content=\"Banks | Sprachkaffee\" \/>\n<meta property=\"og:url\" content=\"\/en\/was-ist-wo\/banken\/\" \/>\n<meta property=\"og:site_name\" content=\"Sprachkaffee\" \/>\n<meta property=\"article:modified_time\" content=\"2019-04-17T11:32:10+00:00\" \/>\n<meta name=\"twitter:card\" content=\"summary_large_image\" \/>\n<meta name=\"twitter:label1\" content=\"Est. reading time\" \/>\n\t<meta name=\"twitter:data1\" content=\"10 minutes\" \/>\n<script type=\"application\/ld+json\" class=\"yoast-schema-graph\">{\"@context\":\"https:\/\/schema.org\",\"@graph\":[{\"@type\":\"WebPage\",\"@id\":\"\/en\/was-ist-wo\/banken\/\",\"url\":\"https:\/\/www.sprach-kaffee.de\/en\/was-ist-wo\/banken\/\",\"name\":\"Banks | Sprachkaffee\",\"isPartOf\":{\"@id\":\"https:\/\/www.sprach-kaffee.de\/en\/#website\"},\"datePublished\":\"2019-04-11T11:59:15+00:00\",\"dateModified\":\"2019-04-17T11:32:10+00:00\",\"breadcrumb\":{\"@id\":\"https:\/\/www.sprach-kaffee.de\/en\/was-ist-wo\/banken\/#breadcrumb\"},\"inLanguage\":\"en-US\",\"potentialAction\":[{\"@type\":\"ReadAction\",\"target\":[\"https:\/\/www.sprach-kaffee.de\/en\/was-ist-wo\/banken\/\"]}]},{\"@type\":\"BreadcrumbList\",\"@id\":\"https:\/\/www.sprach-kaffee.de\/en\/was-ist-wo\/banken\/#breadcrumb\",\"itemListElement\":[{\"@type\":\"ListItem\",\"position\":1,\"name\":\"Home\",\"item\":\"\/en\/startseite\/\"},{\"@type\":\"ListItem\",\"position\":2,\"name\":\"What is where\",\"item\":\"\/en\/was-ist-wo\/\"},{\"@type\":\"ListItem\",\"position\":3,\"name\":\"Banks\"}]},{\"@type\":\"WebSite\",\"@id\":\"https:\/\/www.sprach-kaffee.de\/en\/#website\",\"url\":\"https:\/\/www.sprach-kaffee.de\/en\/\",\"name\":\"Sprachkaffee\",\"description\":\"Die Integrationshilfe in H\u00f6velhof\",\"potentialAction\":[{\"@type\":\"SearchAction\",\"target\":{\"@type\":\"EntryPoint\",\"urlTemplate\":\"https:\/\/www.sprach-kaffee.de\/en\/?s={search_term_string}\"},\"query-input\":{\"@type\":\"PropertyValueSpecification\",\"valueRequired\":true,\"valueName\":\"search_term_string\"}}],\"inLanguage\":\"en-US\"}]}<\/script>\n<!-- \/ Yoast SEO plugin. -->","yoast_head_json":{"title":"Banks | Sprachkaffee","robots":{"index":"index","follow":"follow","max-snippet":"max-snippet:-1","max-image-preview":"max-image-preview:large","max-video-preview":"max-video-preview:-1"},"canonical":"https:\/\/www.sprach-kaffee.de\/en\/was-ist-wo\/banken\/","og_locale":"en_US","og_type":"article","og_title":"Banks | Sprachkaffee","og_url":"\/en\/was-ist-wo\/banken\/","og_site_name":"Sprachkaffee","article_modified_time":"2019-04-17T11:32:10+00:00","twitter_card":"summary_large_image","twitter_misc":{"Est. reading time":"10 minutes"},"schema":{"@context":"https:\/\/schema.org","@graph":[{"@type":"WebPage","@id":"\/en\/was-ist-wo\/banken\/","url":"https:\/\/www.sprach-kaffee.de\/en\/was-ist-wo\/banken\/","name":"Banks | Sprachkaffee","isPartOf":{"@id":"https:\/\/www.sprach-kaffee.de\/en\/#website"},"datePublished":"2019-04-11T11:59:15+00:00","dateModified":"2019-04-17T11:32:10+00:00","breadcrumb":{"@id":"https:\/\/www.sprach-kaffee.de\/en\/was-ist-wo\/banken\/#breadcrumb"},"inLanguage":"en-US","potentialAction":[{"@type":"ReadAction","target":["https:\/\/www.sprach-kaffee.de\/en\/was-ist-wo\/banken\/"]}]},{"@type":"BreadcrumbList","@id":"https:\/\/www.sprach-kaffee.de\/en\/was-ist-wo\/banken\/#breadcrumb","itemListElement":[{"@type":"ListItem","position":1,"name":"Home","item":"\/en\/startseite\/"},{"@type":"ListItem","position":2,"name":"What is where","item":"\/en\/was-ist-wo\/"},{"@type":"ListItem","position":3,"name":"Banks"}]},{"@type":"WebSite","@id":"https:\/\/www.sprach-kaffee.de\/en\/#website","url":"https:\/\/www.sprach-kaffee.de\/en\/","name":"Sprachkaffee","description":"Die Integrationshilfe in H\u00f6velhof","potentialAction":[{"@type":"SearchAction","target":{"@type":"EntryPoint","urlTemplate":"https:\/\/www.sprach-kaffee.de\/en\/?s={search_term_string}"},"query-input":{"@type":"PropertyValueSpecification","valueRequired":true,"valueName":"search_term_string"}}],"inLanguage":"en-US"}]}},"_links":{"self":[{"href":"https:\/\/www.sprach-kaffee.de\/en\/wp-json\/wp\/v2\/pages\/1667"}],"collection":[{"href":"https:\/\/www.sprach-kaffee.de\/en\/wp-json\/wp\/v2\/pages"}],"about":[{"href":"https:\/\/www.sprach-kaffee.de\/en\/wp-json\/wp\/v2\/types\/page"}],"author":[{"embeddable":true,"href":"https:\/\/www.sprach-kaffee.de\/en\/wp-json\/wp\/v2\/users\/1"}],"replies":[{"embeddable":true,"href":"https:\/\/www.sprach-kaffee.de\/en\/wp-json\/wp\/v2\/comments?post=1667"}],"version-history":[{"count":2,"href":"https:\/\/www.sprach-kaffee.de\/en\/wp-json\/wp\/v2\/pages\/1667\/revisions"}],"predecessor-version":[{"id":1698,"href":"https:\/\/www.sprach-kaffee.de\/en\/wp-json\/wp\/v2\/pages\/1667\/revisions\/1698"}],"up":[{"embeddable":true,"href":"https:\/\/www.sprach-kaffee.de\/en\/wp-json\/wp\/v2\/pages\/2061"}],"wp:attachment":[{"href":"https:\/\/www.sprach-kaffee.de\/en\/wp-json\/wp\/v2\/media?parent=1667"}],"curies":[{"name":"wp","href":"https:\/\/api.w.org\/{rel}","templated":true}]}}