{"id":1971,"date":"2019-04-11T14:13:21","date_gmt":"2019-04-11T14:13:21","guid":{"rendered":"https:\/\/www.sprach-kaffee.de\/was-ist-wo\/rechtsanwaelte\/"},"modified":"2024-03-16T20:01:05","modified_gmt":"2024-03-16T20:01:05","slug":"rechtsanwaelte","status":"publish","type":"page","link":"\/fr\/was-ist-wo\/rechtsanwaelte\/","title":{"rendered":"Avocats"},"content":{"rendered":"<div id='av_section_1'  class='avia-section main_color avia-section-default avia-no-border-styling avia-bg-style-scroll  avia-builder-el-0  el_before_av_one_full  avia-builder-el-first   container_wrap fullsize' style='background-color: #877f7d;  '  ><div class='container' ><main  role=\"main\" itemprop=\"mainContentOfPage\"  class='template-page content  av-content-full alpha units'><div class='post-entry post-entry-type-page post-entry-1971'><div class='entry-content-wrapper clearfix'>\n<section class=\"av_textblock_section \"  itemscope=\"itemscope\" itemtype=\"https:\/\/schema.org\/CreativeWork\" ><div class='avia_textblock  av_inherit_color '  style='color:#ffffff; '  itemprop=\"text\" ><h1>Avocats<\/h1>\n<\/div><\/section>\n<\/div><\/div><\/main><!-- close content main element --><\/div><\/div><div id='after_section_1'  class='main_color av_default_container_wrap container_wrap fullsize' style=' '  ><div class='container' ><div class='template-page content  av-content-full alpha units'><div class='post-entry post-entry-type-page post-entry-1971'><div class='entry-content-wrapper clearfix'>\n<div class=\"flex_column av_one_full  flex_column_div av-zero-column-padding first  avia-builder-el-2  el_after_av_section  el_before_av_one_half  avia-builder-el-first  \" style='border-radius:0px; '><section class=\"av_textblock_section \"  itemscope=\"itemscope\" itemtype=\"https:\/\/schema.org\/CreativeWork\" ><div class='avia_textblock  '   itemprop=\"text\" ><p>Toute personne qui croit passer sa proc\u00e9dure d&rsquo;asile sans avocat doit savoir ce qu&rsquo;il fait.<\/p>\n<p>Les avocats jouent un r\u00f4le important dans chaque proc\u00e9dure d&rsquo;asile. Ils vous prot\u00e8gent de quelque chose qui ne va pas, ils connaissent les lois, ils sont la personne de confiance la plus importante en Allemagne qu\u2019un r\u00e9fugi\u00e9 devrait avoir.<\/p>\n<p>Beaucoup de r\u00e9fugi\u00e9s croient en ce que les autres r\u00e9fugi\u00e9s leur ont dit, ce qu&rsquo;ils ont entendu dans leur pays, ou au pire, ce qu&rsquo;ils ont vu sur Facebook. Ce qu&rsquo;ils entendent l\u00e0 est totalement faux. Cette connaissance erron\u00e9e pose de nombreux probl\u00e8mes et peut m\u00eame conduire \u00e0 l&rsquo;expulsion.<\/p>\n<p>Beaucoup n&rsquo;ont m\u00eame pas r\u00e9alis\u00e9 que m\u00eame s&rsquo;ils ont un avocat, il ne s&rsquo;agit peut-\u00eatre pas d&rsquo;un avocat sp\u00e9cialiste des demandes d&rsquo;asile. En Allemagne, il existe diff\u00e9rents avocats sp\u00e9cialis\u00e9s dans diff\u00e9rents domaines. Nous recommandons de toute urgence aux seuls avocats sp\u00e9cialis\u00e9s en droit des \u00e9trangers (droit d&rsquo;asile), car ce sont des sp\u00e9cialistes dans leur domaine. Cela n&rsquo;aidera pas beaucoup si l&rsquo;avocat est dans une ville lointaine, un avocat qui se trouve \u00e0 proximit\u00e9 est toujours un meilleur choix, car il conna\u00eet nos bureaux de l&rsquo;immigration ici et que vous pouvez rapidement prendre un rendez-vous dans un bus.<\/p>\n<p>Nous avons eu beaucoup de mauvaises exp\u00e9riences avec des avocats, certains ne r\u00e9pondent pas, d&rsquo;autres ne sont pas des sp\u00e9cialistes, mais ils veulent tous recevoir de l&rsquo;argent des r\u00e9fugi\u00e9s.<\/p>\n<p>Nous recommandons toujours deux avocats avec qui nous avons toujours eu de bonnes exp\u00e9riences.<br \/>\nCeux-ci prennent au moins 25 \u20ac par mois pour les individus et au moins 50 \u20ac par famille et par mois dans la proc\u00e9dure d&rsquo;asile.<\/p>\n<p>Vous payez la somme tous les mois jusqu&rsquo;\u00e0 la fin de la proc\u00e9dure d&rsquo;asile (ou si vous donnez un pr\u00e9avis)!<br \/>\nEnsuite, la somme vers\u00e9e de toutes les sommes sera d\u00e9duite des d\u00e9penses de l&rsquo;avocat. \u00c0 la fin de la proc\u00e9dure d&rsquo;asile, vous payez le solde en un seul versement ou par versements. Si vous avez d\u00e9j\u00e0 pay\u00e9 trop cher, ce que nous n\u2019avons jamais connu auparavant, vous r\u00e9cup\u00e9rerez bien s\u00fbr le trop-per\u00e7u.<\/p>\n<\/div><\/section><\/div>\n<div class=\"flex_column av_one_half  flex_column_div av-zero-column-padding first  avia-builder-el-4  el_after_av_one_full  el_before_av_one_half  column-top-margin\" style='border-radius:0px; '><section class=\"av_textblock_section \"  itemscope=\"itemscope\" itemtype=\"https:\/\/schema.org\/CreativeWork\" ><div class='avia_textblock  '   itemprop=\"text\" ><p><strong>Si n\u00e9cessaire, nous pouvons vous recommander deux avocats de<\/strong><\/p>\n<p><strong>Paderborn, avec qui nous avons eu de bonnes exp\u00e9riences<\/strong><\/p>\n<\/div><\/section><\/div><div class=\"flex_column av_one_half  flex_column_div av-zero-column-padding   avia-builder-el-6  el_after_av_one_half  avia-builder-el-last  column-top-margin\" style='border-radius:0px; '><section class=\"av_textblock_section \"  itemscope=\"itemscope\" itemtype=\"https:\/\/schema.org\/CreativeWork\" ><div class='avia_textblock  '   itemprop=\"text\" ><p><span class=\"HwtZe\" lang=\"fr\"><span class=\"jCAhz ChMk0b\"><span class=\"ryNqvb\">Pour des raisons juridiques, nous ne pouvons pas faire de publicit\u00e9 pour les avocats, <\/span><\/span><\/span><\/p>\n<p><span class=\"HwtZe\" lang=\"fr\"><span class=\"jCAhz ChMk0b\"><span class=\"ryNqvb\">nous vous demandons donc de simplement nous contacter.<\/span><\/span><\/span><\/p>\n<\/div><\/section><\/div><\/p>\n","protected":false},"excerpt":{"rendered":"","protected":false},"author":1,"featured_media":0,"parent":520,"menu_order":0,"comment_status":"closed","ping_status":"closed","template":"","meta":{"footnotes":""},"yoast_head":"<!-- This site is optimized with the Yoast SEO plugin v23.5 - https:\/\/yoast.com\/wordpress\/plugins\/seo\/ -->\n<title>Avocats | Sprachkaffee<\/title>\n<meta name=\"robots\" content=\"index, follow, max-snippet:-1, max-image-preview:large, max-video-preview:-1\" \/>\n<link rel=\"canonical\" href=\"https:\/\/www.sprach-kaffee.de\/fr\/was-ist-wo\/rechtsanwaelte\/\" \/>\n<meta property=\"og:locale\" content=\"fr_FR\" \/>\n<meta property=\"og:type\" content=\"article\" \/>\n<meta property=\"og:title\" content=\"Avocats | Sprachkaffee\" \/>\n<meta property=\"og:url\" content=\"\/fr\/was-ist-wo\/rechtsanwaelte\/\" \/>\n<meta property=\"og:site_name\" content=\"Sprachkaffee\" \/>\n<meta property=\"article:modified_time\" content=\"2024-03-16T20:01:05+00:00\" \/>\n<meta name=\"twitter:card\" content=\"summary_large_image\" \/>\n<meta name=\"twitter:label1\" content=\"Dur\u00e9e de lecture estim\u00e9e\" \/>\n\t<meta name=\"twitter:data1\" content=\"4 minutes\" \/>\n<script type=\"application\/ld+json\" class=\"yoast-schema-graph\">{\"@context\":\"https:\/\/schema.org\",\"@graph\":[{\"@type\":\"WebPage\",\"@id\":\"\/fr\/was-ist-wo\/rechtsanwaelte\/\",\"url\":\"https:\/\/www.sprach-kaffee.de\/fr\/was-ist-wo\/rechtsanwaelte\/\",\"name\":\"Avocats | Sprachkaffee\",\"isPartOf\":{\"@id\":\"https:\/\/www.sprach-kaffee.de\/fr\/#website\"},\"datePublished\":\"2019-04-11T14:13:21+00:00\",\"dateModified\":\"2024-03-16T20:01:05+00:00\",\"breadcrumb\":{\"@id\":\"https:\/\/www.sprach-kaffee.de\/fr\/was-ist-wo\/rechtsanwaelte\/#breadcrumb\"},\"inLanguage\":\"fr-FR\",\"potentialAction\":[{\"@type\":\"ReadAction\",\"target\":[\"https:\/\/www.sprach-kaffee.de\/fr\/was-ist-wo\/rechtsanwaelte\/\"]}]},{\"@type\":\"BreadcrumbList\",\"@id\":\"https:\/\/www.sprach-kaffee.de\/fr\/was-ist-wo\/rechtsanwaelte\/#breadcrumb\",\"itemListElement\":[{\"@type\":\"ListItem\",\"position\":1,\"name\":\"Home\",\"item\":\"\/fr\/\"},{\"@type\":\"ListItem\",\"position\":2,\"name\":\"Qu&rsquo;est-ce que c&rsquo;est o\u00f9\",\"item\":\"\/fr\/was-ist-wo\/\"},{\"@type\":\"ListItem\",\"position\":3,\"name\":\"Avocats\"}]},{\"@type\":\"WebSite\",\"@id\":\"https:\/\/www.sprach-kaffee.de\/fr\/#website\",\"url\":\"https:\/\/www.sprach-kaffee.de\/fr\/\",\"name\":\"Sprachkaffee\",\"description\":\"Die Integrationshilfe in H\u00f6velhof\",\"potentialAction\":[{\"@type\":\"SearchAction\",\"target\":{\"@type\":\"EntryPoint\",\"urlTemplate\":\"https:\/\/www.sprach-kaffee.de\/fr\/?s={search_term_string}\"},\"query-input\":{\"@type\":\"PropertyValueSpecification\",\"valueRequired\":true,\"valueName\":\"search_term_string\"}}],\"inLanguage\":\"fr-FR\"}]}<\/script>\n<!-- \/ Yoast SEO plugin. -->","yoast_head_json":{"title":"Avocats | Sprachkaffee","robots":{"index":"index","follow":"follow","max-snippet":"max-snippet:-1","max-image-preview":"max-image-preview:large","max-video-preview":"max-video-preview:-1"},"canonical":"https:\/\/www.sprach-kaffee.de\/fr\/was-ist-wo\/rechtsanwaelte\/","og_locale":"fr_FR","og_type":"article","og_title":"Avocats | Sprachkaffee","og_url":"\/fr\/was-ist-wo\/rechtsanwaelte\/","og_site_name":"Sprachkaffee","article_modified_time":"2024-03-16T20:01:05+00:00","twitter_card":"summary_large_image","twitter_misc":{"Dur\u00e9e de lecture estim\u00e9e":"4 minutes"},"schema":{"@context":"https:\/\/schema.org","@graph":[{"@type":"WebPage","@id":"\/fr\/was-ist-wo\/rechtsanwaelte\/","url":"https:\/\/www.sprach-kaffee.de\/fr\/was-ist-wo\/rechtsanwaelte\/","name":"Avocats | Sprachkaffee","isPartOf":{"@id":"https:\/\/www.sprach-kaffee.de\/fr\/#website"},"datePublished":"2019-04-11T14:13:21+00:00","dateModified":"2024-03-16T20:01:05+00:00","breadcrumb":{"@id":"https:\/\/www.sprach-kaffee.de\/fr\/was-ist-wo\/rechtsanwaelte\/#breadcrumb"},"inLanguage":"fr-FR","potentialAction":[{"@type":"ReadAction","target":["https:\/\/www.sprach-kaffee.de\/fr\/was-ist-wo\/rechtsanwaelte\/"]}]},{"@type":"BreadcrumbList","@id":"https:\/\/www.sprach-kaffee.de\/fr\/was-ist-wo\/rechtsanwaelte\/#breadcrumb","itemListElement":[{"@type":"ListItem","position":1,"name":"Home","item":"\/fr\/"},{"@type":"ListItem","position":2,"name":"Qu&rsquo;est-ce que c&rsquo;est o\u00f9","item":"\/fr\/was-ist-wo\/"},{"@type":"ListItem","position":3,"name":"Avocats"}]},{"@type":"WebSite","@id":"https:\/\/www.sprach-kaffee.de\/fr\/#website","url":"https:\/\/www.sprach-kaffee.de\/fr\/","name":"Sprachkaffee","description":"Die Integrationshilfe in H\u00f6velhof","potentialAction":[{"@type":"SearchAction","target":{"@type":"EntryPoint","urlTemplate":"https:\/\/www.sprach-kaffee.de\/fr\/?s={search_term_string}"},"query-input":{"@type":"PropertyValueSpecification","valueRequired":true,"valueName":"search_term_string"}}],"inLanguage":"fr-FR"}]}},"_links":{"self":[{"href":"https:\/\/www.sprach-kaffee.de\/fr\/wp-json\/wp\/v2\/pages\/1971"}],"collection":[{"href":"https:\/\/www.sprach-kaffee.de\/fr\/wp-json\/wp\/v2\/pages"}],"about":[{"href":"https:\/\/www.sprach-kaffee.de\/fr\/wp-json\/wp\/v2\/types\/page"}],"author":[{"embeddable":true,"href":"https:\/\/www.sprach-kaffee.de\/fr\/wp-json\/wp\/v2\/users\/1"}],"replies":[{"embeddable":true,"href":"https:\/\/www.sprach-kaffee.de\/fr\/wp-json\/wp\/v2\/comments?post=1971"}],"version-history":[{"count":9,"href":"https:\/\/www.sprach-kaffee.de\/fr\/wp-json\/wp\/v2\/pages\/1971\/revisions"}],"predecessor-version":[{"id":2417,"href":"https:\/\/www.sprach-kaffee.de\/fr\/wp-json\/wp\/v2\/pages\/1971\/revisions\/2417"}],"up":[{"embeddable":true,"href":"https:\/\/www.sprach-kaffee.de\/fr\/wp-json\/wp\/v2\/pages\/520"}],"wp:attachment":[{"href":"https:\/\/www.sprach-kaffee.de\/fr\/wp-json\/wp\/v2\/media?parent=1971"}],"curies":[{"name":"wp","href":"https:\/\/api.w.org\/{rel}","templated":true}]}}