{"id":454,"date":"2018-12-17T10:09:23","date_gmt":"2018-12-17T10:09:23","guid":{"rendered":"https:\/\/www.sprach-kaffee.de\/startseite\/"},"modified":"2023-06-02T15:47:54","modified_gmt":"2023-06-02T15:47:54","slug":"startseite","status":"publish","type":"page","link":"\/fr\/","title":{"rendered":"Startseite"},"content":{"rendered":"<div id='fullscreen_slider_1'  class='avia-fullscreen-slider main_color   avia-builder-el-0  el_before_av_section  avia-builder-el-first   container_wrap fullsize' style=' '  ><a href='#next-section' title='' class='scroll-down-link av-control-default' aria-hidden='true' data-av_icon='\ue877' data-av_iconfont='entypo-fontello'><\/a><div   data-size='no scaling'  data-lightbox_size='large'  data-animation='slide'  data-conditional_play=''  data-ids='39'  data-video_counter='0'  data-autoplay='true'  data-bg_slider='true'  data-slide_height='100'  data-handle='av_fullscreen'  data-interval='5'  data-class=' '  data-el_id=''  data-css_id='fullscreen_slider_1'  data-scroll_down='aviaTBscroll_down'  data-control_layout='av-control-default'  data-custom_markup=''  data-perma_caption=''  data-autoplay_stopper=''  data-image_attachment=''  data-min_height='0px'  data-stretch=''  class='avia-slideshow avia-slideshow-1 av-slider-scroll-down-active av-control-default av-default-height-applied avia-slideshow-no scaling av_fullscreen   avia-slide-slider '  itemprop=\"image\" itemscope=\"itemscope\" itemtype=\"https:\/\/schema.org\/ImageObject\" ><ul class='avia-slideshow-inner ' style='padding-bottom: 36.458333333333%;' ><li style='background-position:center center;' data-img-url='\/dm-wp-content\/uploads\/sprachkaffee-hoevelhof_head-1.jpg' class=' av-single-slide slide-1 ' ><div data-rel='slideshow-1' class='avia-slide-wrap '   ><div class = \"caption_fullwidth av-slideshow-caption caption_center caption_center_framed caption_framed\"><div class = \"container caption_container\"><div class = \"slideshow_caption\"><div class = \"slideshow_inner_caption\"><div class = \"slideshow_align_caption\"><h2  class='avia-caption-title  '  itemprop=\"name\" >Zur Zeit bieten wir keinen Treffpunkt an,<br \/>\nda es an R\u00e4umlichkeiten fehlt.<\/h2><\/div><\/div><\/div><\/div><\/div><\/div><\/li><\/ul><\/div><\/div>\n<div id='av_section_1'  class='avia-section alternate_color avia-section-default avia-no-border-styling avia-bg-style-scroll  avia-builder-el-1  el_after_av_fullscreen  el_before_av_section   container_wrap fullsize' style=' '  ><div class='container' ><div class='template-page content  av-content-full alpha units'><div class='post-entry post-entry-type-page post-entry-454'><div class='entry-content-wrapper clearfix'>\n<div class=\"flex_column av_four_fifth  av-animated-generic right-to-left  flex_column_div av-zero-column-padding first  avia-builder-el-2  el_before_av_one_fifth  avia-builder-el-first  \" style='border-radius:0px; '><section class=\"av_textblock_section \"  itemscope=\"itemscope\" itemtype=\"https:\/\/schema.org\/CreativeWork\" ><div class='avia_textblock  '   itemprop=\"text\" ><h1>Sprachkaffee<br \/>\nDie Integrationshilfe in H\u00f6velhof<\/h1>\n<\/div><\/section><\/div><div class=\"flex_column av_one_fifth  flex_column_div av-zero-column-padding   avia-builder-el-4  el_after_av_four_fifth  avia-builder-el-last  \" style='border-radius:0px; '><\/div>\n\n<\/div><\/div><\/div><!-- close content main div --><\/div><\/div><div id='av_section_2'  class='avia-section main_color avia-section-default avia-no-border-styling avia-bg-style-scroll  avia-builder-el-5  el_after_av_section  el_before_av_section   container_wrap fullsize' style=' '  ><div class='container' ><div class='template-page content  av-content-full alpha units'><div class='post-entry post-entry-type-page post-entry-454'><div class='entry-content-wrapper clearfix'>\n<div class=\"flex_column av_one_full  flex_column_div av-zero-column-padding first  avia-builder-el-6  el_before_av_one_half  avia-builder-el-first  \" style='border-radius:0px; '><section class=\"av_textblock_section \"  itemscope=\"itemscope\" itemtype=\"https:\/\/schema.org\/CreativeWork\" ><div class='avia_textblock  '   itemprop=\"text\" ><p>Das Sprachkaffee gibt es seit dem September 2015.<br \/>\nWir boten allen Fl\u00fcchtlingen und Migranten eine niedrigschwellige Anlaufstelle vor Ort an, die <strong>jeden Mittwoch<\/strong> von <strong>16 bis 18:30 Uhr<\/strong> ge\u00f6ffnet war. Leider haben wir aktuell keinen Ort an dem diese Treffen weiter stattfinden k\u00f6nnten.<\/p>\n<p>Zurzeit sind einige Mitarbeiter in den Fl\u00fcchtlingsunterk\u00fcnften unterwegs, da wir noch auf der Suche nach einer neuen Unterkunft sind.<\/p>\n<p>F\u00fcr die hiesigen Fl\u00fcchtlinge ist H\u00f6velhof ihre neue Heimat. Nicht nur bis das Asylverfahren abgeschlossen wurde, was Jahre dauern kann, sondern auch noch verpflichtend f\u00fcr bis zu 3 weitere Jahre, nach der Anerkennung des Asylantrages.<\/p>\n<\/div><\/section><\/div><div class=\"flex_column av_one_half  flex_column_div av-zero-column-padding first  avia-builder-el-8  el_after_av_one_full  el_before_av_one_half  column-top-margin\" style='border-radius:0px; '><section class=\"av_textblock_section \"  itemscope=\"itemscope\" itemtype=\"https:\/\/schema.org\/CreativeWork\" ><div class='avia_textblock  '   itemprop=\"text\" ><h2>Unser Angebot<\/h2>\n<\/div><\/section><br \/>\n<section class=\"av_textblock_section \"  itemscope=\"itemscope\" itemtype=\"https:\/\/schema.org\/CreativeWork\" ><div class='avia_textblock  '   itemprop=\"text\" ><p>Alles ist unbekannt, fremd und anders f\u00fcr die Fl\u00fcchtlinge und sie haben viele Fragen und Sorgen. Wir m\u00f6chten helfen.<\/p>\n<\/div><\/section><br \/>\n<div  class='avia-button-wrap avia-button-left  avia-builder-el-11  el_after_av_textblock  avia-builder-el-last ' ><a href='\/unser-angebot\/'  class='avia-button av-icon-on-hover  avia-icon_select-yes-right-icon avia-color-theme-color avia-size-large avia-position-left '   ><span class='avia_iconbox_title' >Mehr erfahren<\/span><span class='avia_button_icon avia_button_icon_right' aria-hidden='true' data-av_icon='\ue879' data-av_iconfont='entypo-fontello'><\/span><\/a><\/div><\/p><\/div><div class=\"flex_column av_one_half  flex_column_div av-zero-column-padding   avia-builder-el-12  el_after_av_one_half  avia-builder-el-last  column-top-margin\" style='border-radius:0px; '><section class=\"av_textblock_section \"  itemscope=\"itemscope\" itemtype=\"https:\/\/schema.org\/CreativeWork\" ><div class='avia_textblock  '   itemprop=\"text\" ><h2>Kontakt<\/h2>\n<\/div><\/section><br \/>\n<section class=\"av_textblock_section \"  itemscope=\"itemscope\" itemtype=\"https:\/\/schema.org\/CreativeWork\" ><div class='avia_textblock  '   itemprop=\"text\" ><p>Wo Sie uns in H\u00f6velhof finden und wie Sie uns erreichen k\u00f6nnen erfahren Sie hier.<\/p>\n<\/div><\/section><br \/>\n<div  class='avia-button-wrap avia-button-left  avia-builder-el-15  el_after_av_textblock  avia-builder-el-last ' ><a href='\/kontakt\/'  class='avia-button av-icon-on-hover  avia-icon_select-yes-right-icon avia-color-theme-color avia-size-large avia-position-left '   ><span class='avia_iconbox_title' >Mehr erfahren<\/span><span class='avia_button_icon avia_button_icon_right' aria-hidden='true' data-av_icon='\ue879' data-av_iconfont='entypo-fontello'><\/span><\/a><\/div><\/p><\/div>\n\n<\/div><\/div><\/div><!-- close content main div --><\/div><\/div><div id='av_section_3'  class='avia-section main_color avia-section-default avia-no-border-styling avia-bg-style-scroll  avia-builder-el-16  el_after_av_section  el_before_av_section   container_wrap fullsize' style='background-color: #ffffff;  '  ><div class='container' ><div class='template-page content  av-content-full alpha units'><div class='post-entry post-entry-type-page post-entry-454'><div class='entry-content-wrapper clearfix'>\n<div class=\"flex_column av_three_fourth  flex_column_div av-zero-column-padding first  avia-builder-el-17  el_before_av_one_fourth  avia-builder-el-first  \" style='border-radius:0px; '><section class=\"av_textblock_section \"  itemscope=\"itemscope\" itemtype=\"https:\/\/schema.org\/CreativeWork\" ><div class='avia_textblock  '   itemprop=\"text\" ><h2>Was ist wo<\/h2>\n<\/div><\/section><\/div><div class=\"flex_column av_one_fourth  flex_column_div av-zero-column-padding   avia-builder-el-19  el_after_av_three_fourth  el_before_av_one_third  \" style='border-radius:0px; '><div  class='avia-button-wrap avia-button-right  avia-builder-el-20  avia-builder-el-no-sibling ' ><a href='\/was-ist-wo\/'  class='avia-button av-icon-on-hover  avia-icon_select-yes-right-icon avia-color-theme-color avia-size-large avia-position-right '   ><span class='avia_iconbox_title' >Mehr erfahren<\/span><span class='avia_button_icon avia_button_icon_right' aria-hidden='true' data-av_icon='\ue879' data-av_iconfont='entypo-fontello'><\/span><\/a><\/div><\/div><div class=\"flex_column av_one_third  flex_column_div av-zero-column-padding first  avia-builder-el-21  el_after_av_one_fourth  el_before_av_one_third  column-top-margin\" style='border-radius:0px; '><section  class='avia-team-member   avia-builder-el-22  avia-builder-el-no-sibling '  itemscope=\"itemscope\" itemtype=\"https:\/\/schema.org\/Person\" ><div class='team-img-container'><img class='avia_image avia_image_team' src='\/dm-wp-content\/uploads\/20190101-Aslan-101.jpg' alt='Einkaufen'  itemprop=\"image\"  \/><\/div><h3 class='team-member-name'    itemprop=\"name\" >Einkaufen<\/h3><span class='hidden team-member-affiliation'  itemprop=\"affiliation\" >Sprachkaffee<\/span><\/section><\/div><div class=\"flex_column av_one_third  flex_column_div av-zero-column-padding   avia-builder-el-23  el_after_av_one_third  el_before_av_one_third  column-top-margin\" style='border-radius:0px; '><section  class='avia-team-member   avia-builder-el-24  avia-builder-el-no-sibling '  itemscope=\"itemscope\" itemtype=\"https:\/\/schema.org\/Person\" ><div class='team-img-container'><img class='avia_image avia_image_team' src='\/dm-wp-content\/uploads\/Rathaus-small-105.jpg' alt='Beh\u00f6rden'  itemprop=\"image\"  \/><\/div><h3 class='team-member-name'    itemprop=\"name\" >Beh\u00f6rden<\/h3><span class='hidden team-member-affiliation'  itemprop=\"affiliation\" >Sprachkaffee<\/span><\/section><\/div><div class=\"flex_column av_one_third  flex_column_div av-zero-column-padding   avia-builder-el-25  el_after_av_one_third  avia-builder-el-last  column-top-margin\" style='border-radius:0px; '><section  class='avia-team-member   avia-builder-el-26  avia-builder-el-no-sibling '  itemscope=\"itemscope\" itemtype=\"https:\/\/schema.org\/Person\" ><div class='team-img-container'><img class='avia_image avia_image_team' src='\/dm-wp-content\/uploads\/Senne-B\u00fccherei-small-108.jpg' alt='Soziale Einrichtungen'  itemprop=\"image\"  \/><\/div><h3 class='team-member-name'    itemprop=\"name\" >Soziale Einrichtungen<\/h3><span class='hidden team-member-affiliation'  itemprop=\"affiliation\" >Sprachkaffee<\/span><\/section><\/div>\n\n<\/div><\/div><\/div><!-- close content main div --><\/div><\/div><div id='av_section_4'  class='avia-section main_color avia-section-default avia-no-border-styling avia-bg-style-scroll  avia-builder-el-27  el_after_av_section  avia-builder-el-last   container_wrap fullsize' style=' '  ><div class='container' ><div class='template-page content  av-content-full alpha units'><div class='post-entry post-entry-type-page post-entry-454'><div class='entry-content-wrapper clearfix'>\n<div class=\"flex_column av_three_fourth  flex_column_div av-zero-column-padding first  avia-builder-el-28  el_before_av_one_fourth  avia-builder-el-first  \" style='border-radius:0px; '><section class=\"av_textblock_section \"  itemscope=\"itemscope\" itemtype=\"https:\/\/schema.org\/CreativeWork\" ><div class='avia_textblock  '   itemprop=\"text\" ><h2>Das Team<\/h2>\n<\/div><\/section><\/div><div class=\"flex_column av_one_fourth  flex_column_div av-zero-column-padding   avia-builder-el-30  el_after_av_three_fourth  el_before_av_one_fourth  \" style='border-radius:0px; '><div  class='avia-button-wrap avia-button-right  avia-builder-el-31  avia-builder-el-no-sibling ' ><a href='\/team\/'  class='avia-button av-icon-on-hover  avia-icon_select-yes-right-icon avia-color-theme-color avia-size-large avia-position-right '   ><span class='avia_iconbox_title' >Mehr erfahren<\/span><span class='avia_button_icon avia_button_icon_right' aria-hidden='true' data-av_icon='\ue879' data-av_iconfont='entypo-fontello'><\/span><\/a><\/div><\/div><div class=\"flex_column av_one_fourth  flex_column_div av-zero-column-padding first  avia-builder-el-32  el_after_av_one_fourth  el_before_av_one_fourth  column-top-margin\" style='border-radius:0px; '><section  class='avia-team-member   avia-builder-el-33  avia-builder-el-no-sibling '  itemscope=\"itemscope\" itemtype=\"https:\/\/schema.org\/Person\" ><div class='team-img-container'><img class='avia_image avia_image_team' src='\/dm-wp-content\/uploads\/Gertraud-Muetter.jpg' alt='Gertraud M\u00fctter'  itemprop=\"image\"  \/><\/div><h3 class='team-member-name'    itemprop=\"name\" >Gertraud M\u00fctter<\/h3><div class='team-member-job-title '   itemprop=\"jobTitle\" >Gr\u00fcnderin und Initiatorin vom Sprachkaffee<\/div><span class='hidden team-member-affiliation'  itemprop=\"affiliation\" >Sprachkaffee<\/span><\/section><\/div><div class=\"flex_column av_one_fourth  flex_column_div av-zero-column-padding   avia-builder-el-34  el_after_av_one_fourth  el_before_av_one_fourth  column-top-margin\" style='border-radius:0px; '><\/div><div class=\"flex_column av_one_fourth  flex_column_div av-zero-column-padding   avia-builder-el-35  el_after_av_one_fourth  el_before_av_one_fourth  column-top-margin\" style='border-radius:0px; '><\/div><div class=\"flex_column av_one_fourth  flex_column_div av-zero-column-padding   avia-builder-el-36  el_after_av_one_fourth  avia-builder-el-last  column-top-margin\" style='border-radius:0px; '><\/div>\n\n","protected":false},"excerpt":{"rendered":"","protected":false},"author":1,"featured_media":0,"parent":0,"menu_order":0,"comment_status":"closed","ping_status":"closed","template":"","meta":{"footnotes":""},"yoast_head":"<!-- This site is optimized with the Yoast SEO plugin v23.5 - https:\/\/yoast.com\/wordpress\/plugins\/seo\/ -->\n<title>Die Integrationshilfe in H\u00f6velhof | Sprachkaffee<\/title>\n<meta name=\"description\" content=\"Wir bieten allen Fl\u00fcchtlingen und Migranten eine niedrigschwellige Anlaufstelle vor Ort an, die jeden Mittwoch von 16 bis 18:30 Uhr ge\u00f6ffnet ist.\" \/>\n<meta name=\"robots\" content=\"index, follow, max-snippet:-1, max-image-preview:large, max-video-preview:-1\" \/>\n<link rel=\"canonical\" href=\"https:\/\/www.sprach-kaffee.de\/fr\/\" \/>\n<meta property=\"og:locale\" content=\"fr_FR\" \/>\n<meta property=\"og:type\" content=\"article\" \/>\n<meta property=\"og:title\" content=\"Die Integrationshilfe in H\u00f6velhof | Sprachkaffee\" \/>\n<meta property=\"og:description\" content=\"Wir bieten allen Fl\u00fcchtlingen und Migranten eine niedrigschwellige Anlaufstelle vor Ort an, die jeden Mittwoch von 16 bis 18:30 Uhr ge\u00f6ffnet ist.\" \/>\n<meta property=\"og:url\" content=\"\/fr\/\" \/>\n<meta property=\"og:site_name\" content=\"Sprachkaffee\" \/>\n<meta property=\"article:modified_time\" content=\"2023-06-02T15:47:54+00:00\" \/>\n<meta name=\"twitter:card\" content=\"summary_large_image\" \/>\n<meta name=\"twitter:label1\" content=\"Dur\u00e9e de lecture estim\u00e9e\" \/>\n\t<meta name=\"twitter:data1\" content=\"13 minutes\" \/>\n<script type=\"application\/ld+json\" class=\"yoast-schema-graph\">{\"@context\":\"https:\/\/schema.org\",\"@graph\":[{\"@type\":\"WebPage\",\"@id\":\"\/fr\/\",\"url\":\"https:\/\/www.sprach-kaffee.de\/fr\/\",\"name\":\"Die Integrationshilfe in H\u00f6velhof | Sprachkaffee\",\"isPartOf\":{\"@id\":\"https:\/\/www.sprach-kaffee.de\/fr\/#website\"},\"datePublished\":\"2018-12-17T10:09:23+00:00\",\"dateModified\":\"2023-06-02T15:47:54+00:00\",\"description\":\"Wir bieten allen Fl\u00fcchtlingen und Migranten eine niedrigschwellige Anlaufstelle vor Ort an, die jeden Mittwoch von 16 bis 18:30 Uhr ge\u00f6ffnet ist.\",\"breadcrumb\":{\"@id\":\"https:\/\/www.sprach-kaffee.de\/fr\/#breadcrumb\"},\"inLanguage\":\"fr-FR\",\"potentialAction\":[{\"@type\":\"ReadAction\",\"target\":[\"https:\/\/www.sprach-kaffee.de\/fr\/\"]}]},{\"@type\":\"BreadcrumbList\",\"@id\":\"https:\/\/www.sprach-kaffee.de\/fr\/#breadcrumb\",\"itemListElement\":[{\"@type\":\"ListItem\",\"position\":1,\"name\":\"Home\",\"item\":\"\/fr\/\"},{\"@type\":\"ListItem\",\"position\":2,\"name\":\"Startseite\"}]},{\"@type\":\"WebSite\",\"@id\":\"https:\/\/www.sprach-kaffee.de\/fr\/#website\",\"url\":\"https:\/\/www.sprach-kaffee.de\/fr\/\",\"name\":\"Sprachkaffee\",\"description\":\"Die Integrationshilfe in H\u00f6velhof\",\"potentialAction\":[{\"@type\":\"SearchAction\",\"target\":{\"@type\":\"EntryPoint\",\"urlTemplate\":\"https:\/\/www.sprach-kaffee.de\/fr\/?s={search_term_string}\"},\"query-input\":{\"@type\":\"PropertyValueSpecification\",\"valueRequired\":true,\"valueName\":\"search_term_string\"}}],\"inLanguage\":\"fr-FR\"}]}<\/script>\n<!-- \/ Yoast SEO plugin. -->","yoast_head_json":{"title":"Die Integrationshilfe in H\u00f6velhof | Sprachkaffee","description":"Wir bieten allen Fl\u00fcchtlingen und Migranten eine niedrigschwellige Anlaufstelle vor Ort an, die jeden Mittwoch von 16 bis 18:30 Uhr ge\u00f6ffnet ist.","robots":{"index":"index","follow":"follow","max-snippet":"max-snippet:-1","max-image-preview":"max-image-preview:large","max-video-preview":"max-video-preview:-1"},"canonical":"https:\/\/www.sprach-kaffee.de\/fr\/","og_locale":"fr_FR","og_type":"article","og_title":"Die Integrationshilfe in H\u00f6velhof | Sprachkaffee","og_description":"Wir bieten allen Fl\u00fcchtlingen und Migranten eine niedrigschwellige Anlaufstelle vor Ort an, die jeden Mittwoch von 16 bis 18:30 Uhr ge\u00f6ffnet ist.","og_url":"\/fr\/","og_site_name":"Sprachkaffee","article_modified_time":"2023-06-02T15:47:54+00:00","twitter_card":"summary_large_image","twitter_misc":{"Dur\u00e9e de lecture estim\u00e9e":"13 minutes"},"schema":{"@context":"https:\/\/schema.org","@graph":[{"@type":"WebPage","@id":"\/fr\/","url":"https:\/\/www.sprach-kaffee.de\/fr\/","name":"Die Integrationshilfe in H\u00f6velhof | Sprachkaffee","isPartOf":{"@id":"https:\/\/www.sprach-kaffee.de\/fr\/#website"},"datePublished":"2018-12-17T10:09:23+00:00","dateModified":"2023-06-02T15:47:54+00:00","description":"Wir bieten allen Fl\u00fcchtlingen und Migranten eine niedrigschwellige Anlaufstelle vor Ort an, die jeden Mittwoch von 16 bis 18:30 Uhr ge\u00f6ffnet ist.","breadcrumb":{"@id":"https:\/\/www.sprach-kaffee.de\/fr\/#breadcrumb"},"inLanguage":"fr-FR","potentialAction":[{"@type":"ReadAction","target":["https:\/\/www.sprach-kaffee.de\/fr\/"]}]},{"@type":"BreadcrumbList","@id":"https:\/\/www.sprach-kaffee.de\/fr\/#breadcrumb","itemListElement":[{"@type":"ListItem","position":1,"name":"Home","item":"\/fr\/"},{"@type":"ListItem","position":2,"name":"Startseite"}]},{"@type":"WebSite","@id":"https:\/\/www.sprach-kaffee.de\/fr\/#website","url":"https:\/\/www.sprach-kaffee.de\/fr\/","name":"Sprachkaffee","description":"Die Integrationshilfe in H\u00f6velhof","potentialAction":[{"@type":"SearchAction","target":{"@type":"EntryPoint","urlTemplate":"https:\/\/www.sprach-kaffee.de\/fr\/?s={search_term_string}"},"query-input":{"@type":"PropertyValueSpecification","valueRequired":true,"valueName":"search_term_string"}}],"inLanguage":"fr-FR"}]}},"_links":{"self":[{"href":"https:\/\/www.sprach-kaffee.de\/fr\/wp-json\/wp\/v2\/pages\/454"}],"collection":[{"href":"https:\/\/www.sprach-kaffee.de\/fr\/wp-json\/wp\/v2\/pages"}],"about":[{"href":"https:\/\/www.sprach-kaffee.de\/fr\/wp-json\/wp\/v2\/types\/page"}],"author":[{"embeddable":true,"href":"https:\/\/www.sprach-kaffee.de\/fr\/wp-json\/wp\/v2\/users\/1"}],"replies":[{"embeddable":true,"href":"https:\/\/www.sprach-kaffee.de\/fr\/wp-json\/wp\/v2\/comments?post=454"}],"version-history":[{"count":9,"href":"https:\/\/www.sprach-kaffee.de\/fr\/wp-json\/wp\/v2\/pages\/454\/revisions"}],"predecessor-version":[{"id":2388,"href":"https:\/\/www.sprach-kaffee.de\/fr\/wp-json\/wp\/v2\/pages\/454\/revisions\/2388"}],"wp:attachment":[{"href":"https:\/\/www.sprach-kaffee.de\/fr\/wp-json\/wp\/v2\/media?parent=454"}],"curies":[{"name":"wp","href":"https:\/\/api.w.org\/{rel}","templated":true}]}}