{"id":1784,"date":"2019-04-11T09:58:04","date_gmt":"2019-04-11T09:58:04","guid":{"rendered":"https:\/\/www.sprach-kaffee.de\/was-ist-wo\/auslaenderamt\/"},"modified":"2019-04-18T07:26:37","modified_gmt":"2019-04-18T07:26:37","slug":"auslaenderamt","status":"publish","type":"page","link":"\/it\/was-ist-wo\/auslaenderamt\/","title":{"rendered":"L&#8217;ufficio immigrazione"},"content":{"rendered":"<div id='av_section_1'  class='avia-section main_color avia-section-default avia-no-border-styling avia-bg-style-scroll  avia-builder-el-0  el_before_av_one_half  avia-builder-el-first   container_wrap fullsize' style='background-color: #877f7d;  '  ><div class='container' ><main  role=\"main\" itemprop=\"mainContentOfPage\"  class='template-page content  av-content-full alpha units'><div class='post-entry post-entry-type-page post-entry-1784'><div class='entry-content-wrapper clearfix'>\n<section class=\"av_textblock_section \"  itemscope=\"itemscope\" itemtype=\"https:\/\/schema.org\/CreativeWork\" ><div class='avia_textblock  av_inherit_color '  style='color:#ffffff; '  itemprop=\"text\" ><h1>L&#8217;ufficio immigrazione Kreis Paderborn<\/h1>\n<\/div><\/section>\n<\/div><\/div><\/main><!-- close content main element --><\/div><\/div><div id='after_section_1'  class='main_color av_default_container_wrap container_wrap fullsize' style=' '  ><div class='container' ><div class='template-page content  av-content-full alpha units'><div class='post-entry post-entry-type-page post-entry-1784'><div class='entry-content-wrapper clearfix'><div class=\"flex_column av_one_half  flex_column_div av-zero-column-padding first  avia-builder-el-2  el_after_av_section  el_before_av_one_half  avia-builder-el-first  \" style='border-radius:0px; '><section class=\"av_textblock_section \"  itemscope=\"itemscope\" itemtype=\"https:\/\/schema.org\/CreativeWork\" ><div class='avia_textblock  '   itemprop=\"text\" ><p>L&#8217;ufficio immigrazione \u00e8 il luogo in cui gioia e sofferenza sono molto vicine.<\/p>\n<p>Per alcuni, questo \u00e8 il luogo in cui ottengono il permesso di soggiorno, per gli altri il luogo in cui ricevono la loro assenso e la richiesta di lasciare la Germania. L&#8217;ufficio immigrazione \u00e8 facilmente raggiungibile in treno. Se scendi alla stazione centrale, sono solo 3 minuti a piedi.<\/p>\n<\/div><\/section><\/div><div class=\"flex_column av_one_half  flex_column_div av-zero-column-padding   avia-builder-el-4  el_after_av_one_half  el_before_av_one_full  \" style='border-radius:0px; '><div  class='avia-image-container  av-styling-    avia-builder-el-5  avia-builder-el-no-sibling  avia-align-center '  itemprop=\"image\" itemscope=\"itemscope\" itemtype=\"https:\/\/schema.org\/ImageObject\"  ><div class='avia-image-container-inner'><div class='avia-image-overlay-wrap'><img class='avia_image' src='\/dm-wp-content\/uploads\/Ausl\u00e4nderamt-300px-103.jpg' alt='' title='Ausl\u00e4nderamt 300px-103' height=\"300\" width=\"775\"  itemprop=\"thumbnailUrl\"  \/><\/div><\/div><\/div><\/div><\/p>\n<div class=\"flex_column av_one_full  flex_column_div av-zero-column-padding first  avia-builder-el-6  el_after_av_one_half  el_before_av_one_third  column-top-margin\" style='border-radius:0px; '><section class=\"av_textblock_section \"  itemscope=\"itemscope\" itemtype=\"https:\/\/schema.org\/CreativeWork\" ><div class='avia_textblock  '   itemprop=\"text\" ><p>Proprio all&#8217;inizio, fuori dall&#8217;ingresso, c&#8217;\u00e8 un cartello che indica chiaramente che non puoi apparire senza appuntamento. Se ci arrivi ancora, ti verr\u00e0 chiesto gentilmente di fissare un appuntamento e ti mandano via. Gli appuntamenti possono essere effettuati telefonicamente o \u00e8 possibile ricevere un invito per posta. \u00c8 importante arrivare in orario, altrimenti bisogna aspettarsi degli tempi di attesa molto lunghi.<\/p>\n<\/div><\/section><\/div><div class=\"flex_column av_one_third  flex_column_div av-zero-column-padding first  avia-builder-el-8  el_after_av_one_full  el_before_av_one_third  column-top-margin\" style='border-radius:0px; '><div  class='avia-image-container  av-styling-    avia-builder-el-9  avia-builder-el-no-sibling  avia-align-center '  itemprop=\"image\" itemscope=\"itemscope\" itemtype=\"https:\/\/schema.org\/ImageObject\"  ><div class='avia-image-container-inner'><div class='avia-image-overlay-wrap'><img class='avia_image' src='\/dm-wp-content\/uploads\/Ausl\u00e4nderamt-300px-104.jpg' alt='' title='Ausl\u00e4nderamt 300px-104' height=\"300\" width=\"400\"  itemprop=\"thumbnailUrl\"  \/><\/div><\/div><\/div><\/div><\/p>\n<div class=\"flex_column av_one_third  flex_column_div av-zero-column-padding   avia-builder-el-10  el_after_av_one_third  el_before_av_one_third  column-top-margin\" style='border-radius:0px; '><div  class='avia-image-container  av-styling-    avia-builder-el-11  avia-builder-el-no-sibling  avia-align-center '  itemprop=\"image\" itemscope=\"itemscope\" itemtype=\"https:\/\/schema.org\/ImageObject\"  ><div class='avia-image-container-inner'><div class='avia-image-overlay-wrap'><img class='avia_image' src='\/dm-wp-content\/uploads\/Ausl\u00e4nderamt-300px-105.jpg' alt='' title='Ausl\u00e4nderamt 300px-105' height=\"300\" width=\"400\"  itemprop=\"thumbnailUrl\"  \/><\/div><\/div><\/div><\/div>\n<div class=\"flex_column av_one_third  flex_column_div av-zero-column-padding   avia-builder-el-12  el_after_av_one_third  el_before_av_one_full  column-top-margin\" style='border-radius:0px; '><div  class='avia-image-container  av-styling-    avia-builder-el-13  avia-builder-el-no-sibling  avia-align-center '  itemprop=\"image\" itemscope=\"itemscope\" itemtype=\"https:\/\/schema.org\/ImageObject\"  ><div class='avia-image-container-inner'><div class='avia-image-overlay-wrap'><img class='avia_image' src='\/dm-wp-content\/uploads\/Ausl\u00e4nderamt-300px-106.jpg' alt='' title='Ausl\u00e4nderamt 300px-106' height=\"300\" width=\"400\"  itemprop=\"thumbnailUrl\"  \/><\/div><\/div><\/div><\/div>\n<div class=\"flex_column av_one_full  flex_column_div av-zero-column-padding first  avia-builder-el-14  el_after_av_one_third  el_before_av_one_fourth  column-top-margin\" style='border-radius:0px; '><section class=\"av_textblock_section \"  itemscope=\"itemscope\" itemtype=\"https:\/\/schema.org\/CreativeWork\" ><div class='avia_textblock  '   itemprop=\"text\" ><p>Dopo essere entrati nell&#8217;edificio, l&#8217;area di attesa si trova sulla destra. Devi semplicemente entrare, stare alla finestra e aspettare che uno dei dipendenti apra la finestra. Per evitare confusione con il nome, ha senso presentare l&#8217;invito o la carta d&#8217;identit\u00e0, il permesso o la tolleranza.<\/p>\n<p>Dopo aver controllato se hai un appuntamento, riceverai un numero di attesa. Con questo numero ti siedi nell&#8217;area di attesa e attendi che il numero appaia sul televisore.<\/p>\n<p>Si consiglia vivamente di avere un avvocato, perch\u00e9 poi tutte le questioni relative a asilo e residenza vengono chiarite da lui. Ci sono cos\u00ec tante leggi e non vuoi fare nulla di sbagliato, o sbagli che sono poi un ostacolo per la procedura di asilo. Tutto ci\u00f2 che deve davvero essere firmato \u00e8 che hai ricevuto il nuovo ID. Tutti gli altri documenti dovrebbero sempre essere controllati dall&#8217;avvocato.<\/p>\n<\/div><\/section><\/div><div class=\"flex_column av_one_fourth  flex_column_div av-zero-column-padding first  avia-builder-el-16  el_after_av_one_full  el_before_av_one_fourth  column-top-margin\" style='border-radius:0px; '><div  class='avia-image-container  av-styling-    avia-builder-el-17  avia-builder-el-no-sibling  avia-align-center '  itemprop=\"image\" itemscope=\"itemscope\" itemtype=\"https:\/\/schema.org\/ImageObject\"  ><div class='avia-image-container-inner'><div class='avia-image-overlay-wrap'><img class='avia_image' src='\/dm-wp-content\/uploads\/Ausl\u00e4nderamt-300px-107.jpg' alt='' title='Ausl\u00e4nderamt 300px-107' height=\"300\" width=\"400\"  itemprop=\"thumbnailUrl\"  \/><\/div><\/div><\/div><\/div><\/p>\n<div class=\"flex_column av_one_fourth  flex_column_div av-zero-column-padding   avia-builder-el-18  el_after_av_one_fourth  el_before_av_one_fourth  column-top-margin\" style='border-radius:0px; '><div  class='avia-image-container  av-styling-    avia-builder-el-19  avia-builder-el-no-sibling  avia-align-center '  itemprop=\"image\" itemscope=\"itemscope\" itemtype=\"https:\/\/schema.org\/ImageObject\"  ><div class='avia-image-container-inner'><div class='avia-image-overlay-wrap'><img class='avia_image' src='\/dm-wp-content\/uploads\/Ausl\u00e4nderamt-300px-109.jpg' alt='' title='Ausl\u00e4nderamt 300px-109' height=\"300\" width=\"400\"  itemprop=\"thumbnailUrl\"  \/><\/div><\/div><\/div><\/div>\n<div class=\"flex_column av_one_fourth  flex_column_div av-zero-column-padding   avia-builder-el-20  el_after_av_one_fourth  el_before_av_one_fourth  column-top-margin\" style='border-radius:0px; '><div  class='avia-image-container  av-styling-    avia-builder-el-21  avia-builder-el-no-sibling  avia-align-center '  itemprop=\"image\" itemscope=\"itemscope\" itemtype=\"https:\/\/schema.org\/ImageObject\"  ><div class='avia-image-container-inner'><div class='avia-image-overlay-wrap'><img class='avia_image' src='\/dm-wp-content\/uploads\/Ausl\u00e4nderamt-300px-110.jpg' alt='' title='Ausl\u00e4nderamt 300px-110' height=\"300\" width=\"400\"  itemprop=\"thumbnailUrl\"  \/><\/div><\/div><\/div><\/div>\n<div class=\"flex_column av_one_fourth  flex_column_div av-zero-column-padding   avia-builder-el-22  el_after_av_one_fourth  el_before_av_one_full  column-top-margin\" style='border-radius:0px; '><div  class='avia-image-container  av-styling-    avia-builder-el-23  avia-builder-el-no-sibling  avia-align-center '  itemprop=\"image\" itemscope=\"itemscope\" itemtype=\"https:\/\/schema.org\/ImageObject\"  ><div class='avia-image-container-inner'><div class='avia-image-overlay-wrap'><img class='avia_image' src='\/dm-wp-content\/uploads\/Ausl\u00e4nderamt-300px-111.jpg' alt='' title='Ausl\u00e4nderamt 300px-111' height=\"300\" width=\"400\"  itemprop=\"thumbnailUrl\"  \/><\/div><\/div><\/div><\/div>\n<div class=\"flex_column av_one_full  flex_column_div av-zero-column-padding first  avia-builder-el-24  el_after_av_one_fourth  el_before_av_one_half  column-top-margin\" style='border-radius:0px; '><section class=\"av_textblock_section \"  itemscope=\"itemscope\" itemtype=\"https:\/\/schema.org\/CreativeWork\" ><div class='avia_textblock  '   itemprop=\"text\" ><p><a href=\"https:\/\/www.kreis-paderborn.de\/kreis_paderborn\/buergerservice\/lebenslagen\/dienstleistungen\/32-auslaenderangelegenheiten.php\" target=\"_blank\" rel=\"noopener noreferrer\">www.kreis-paderborn.de<\/a><\/p>\n<\/div><\/section><\/div>\n<div class=\"flex_column av_one_half  flex_column_div av-zero-column-padding first  avia-builder-el-26  el_after_av_one_full  el_before_av_one_half  column-top-margin\" style='border-radius:0px; '><section class=\"av_textblock_section \"  itemscope=\"itemscope\" itemtype=\"https:\/\/schema.org\/CreativeWork\" ><div class='avia_textblock  '   itemprop=\"text\" ><p><strong>Ordnungsamt<\/strong><br \/>\n<strong> Ausl\u00e4nderangelegenheiten<\/strong><br \/>\nAu\u00dfenstelle<br \/>\nBahnhofstr. 25, Erdgeschoss<br \/>\n33102 Paderborn<br \/>\nTel.: 05251 308 &#8211; 3205<br \/>\nFax: 05251 308 &#8211; 3298<\/p>\n<\/div><\/section><\/div>\n<div class=\"flex_column av_one_half  flex_column_div av-zero-column-padding   avia-builder-el-28  el_after_av_one_half  avia-builder-el-last  column-top-margin\" style='border-radius:0px; '><section class=\"av_textblock_section \"  itemscope=\"itemscope\" itemtype=\"https:\/\/schema.org\/CreativeWork\" ><div class='avia_textblock  '   itemprop=\"text\" ><p><strong>Orari di apertura:<\/strong><br \/>\nLuned\u00ec: 08.30\u201312.00 Uhr<br \/>\nMarted\u00ec: 08.30\u201312.00 Uhr<br \/>\nMercoled\u00ec: 08.30\u201312.00 Uhr<br \/>\nGioved\u00ec: 08.30\u201312.00 Uhr, 14.00\u201318.00 Uhr<br \/>\nVenerd\u00ec: 08.30\u201312.00 Uhr<\/p>\n<p>Non venire senza un appuntamento!<\/p>\n<\/div><\/section><\/div>\n","protected":false},"excerpt":{"rendered":"","protected":false},"author":1,"featured_media":0,"parent":521,"menu_order":0,"comment_status":"closed","ping_status":"closed","template":"","meta":{"footnotes":""},"yoast_head":"<!-- This site is optimized with the Yoast SEO plugin v23.5 - https:\/\/yoast.com\/wordpress\/plugins\/seo\/ -->\n<title>L&#039;ufficio immigrazione | Sprachkaffee<\/title>\n<meta name=\"robots\" content=\"index, follow, max-snippet:-1, max-image-preview:large, max-video-preview:-1\" \/>\n<link rel=\"canonical\" href=\"https:\/\/www.sprach-kaffee.de\/it\/was-ist-wo\/auslaenderamt\/\" \/>\n<meta property=\"og:locale\" content=\"it_IT\" \/>\n<meta property=\"og:type\" content=\"article\" \/>\n<meta property=\"og:title\" content=\"L&#039;ufficio immigrazione | Sprachkaffee\" \/>\n<meta property=\"og:url\" content=\"\/it\/was-ist-wo\/auslaenderamt\/\" \/>\n<meta property=\"og:site_name\" content=\"Sprachkaffee\" \/>\n<meta property=\"article:modified_time\" content=\"2019-04-18T07:26:37+00:00\" \/>\n<meta name=\"twitter:card\" content=\"summary_large_image\" \/>\n<meta name=\"twitter:label1\" content=\"Tempo di lettura stimato\" \/>\n\t<meta name=\"twitter:data1\" content=\"13 minuti\" \/>\n<script type=\"application\/ld+json\" class=\"yoast-schema-graph\">{\"@context\":\"https:\/\/schema.org\",\"@graph\":[{\"@type\":\"WebPage\",\"@id\":\"\/it\/was-ist-wo\/auslaenderamt\/\",\"url\":\"https:\/\/www.sprach-kaffee.de\/it\/was-ist-wo\/auslaenderamt\/\",\"name\":\"L'ufficio immigrazione | Sprachkaffee\",\"isPartOf\":{\"@id\":\"https:\/\/www.sprach-kaffee.de\/it\/#website\"},\"datePublished\":\"2019-04-11T09:58:04+00:00\",\"dateModified\":\"2019-04-18T07:26:37+00:00\",\"breadcrumb\":{\"@id\":\"https:\/\/www.sprach-kaffee.de\/it\/was-ist-wo\/auslaenderamt\/#breadcrumb\"},\"inLanguage\":\"it-IT\",\"potentialAction\":[{\"@type\":\"ReadAction\",\"target\":[\"https:\/\/www.sprach-kaffee.de\/it\/was-ist-wo\/auslaenderamt\/\"]}]},{\"@type\":\"BreadcrumbList\",\"@id\":\"https:\/\/www.sprach-kaffee.de\/it\/was-ist-wo\/auslaenderamt\/#breadcrumb\",\"itemListElement\":[{\"@type\":\"ListItem\",\"position\":1,\"name\":\"Home\",\"item\":\"\/it\/startseite\/\"},{\"@type\":\"ListItem\",\"position\":2,\"name\":\"Che cosa \u00e8 dove\",\"item\":\"\/it\/was-ist-wo\/\"},{\"@type\":\"ListItem\",\"position\":3,\"name\":\"L&#8217;ufficio immigrazione\"}]},{\"@type\":\"WebSite\",\"@id\":\"https:\/\/www.sprach-kaffee.de\/it\/#website\",\"url\":\"https:\/\/www.sprach-kaffee.de\/it\/\",\"name\":\"Sprachkaffee\",\"description\":\"Die Integrationshilfe in H\u00f6velhof\",\"potentialAction\":[{\"@type\":\"SearchAction\",\"target\":{\"@type\":\"EntryPoint\",\"urlTemplate\":\"https:\/\/www.sprach-kaffee.de\/it\/?s={search_term_string}\"},\"query-input\":{\"@type\":\"PropertyValueSpecification\",\"valueRequired\":true,\"valueName\":\"search_term_string\"}}],\"inLanguage\":\"it-IT\"}]}<\/script>\n<!-- \/ Yoast SEO plugin. -->","yoast_head_json":{"title":"L'ufficio immigrazione | Sprachkaffee","robots":{"index":"index","follow":"follow","max-snippet":"max-snippet:-1","max-image-preview":"max-image-preview:large","max-video-preview":"max-video-preview:-1"},"canonical":"https:\/\/www.sprach-kaffee.de\/it\/was-ist-wo\/auslaenderamt\/","og_locale":"it_IT","og_type":"article","og_title":"L'ufficio immigrazione | Sprachkaffee","og_url":"\/it\/was-ist-wo\/auslaenderamt\/","og_site_name":"Sprachkaffee","article_modified_time":"2019-04-18T07:26:37+00:00","twitter_card":"summary_large_image","twitter_misc":{"Tempo di lettura stimato":"13 minuti"},"schema":{"@context":"https:\/\/schema.org","@graph":[{"@type":"WebPage","@id":"\/it\/was-ist-wo\/auslaenderamt\/","url":"https:\/\/www.sprach-kaffee.de\/it\/was-ist-wo\/auslaenderamt\/","name":"L'ufficio immigrazione | Sprachkaffee","isPartOf":{"@id":"https:\/\/www.sprach-kaffee.de\/it\/#website"},"datePublished":"2019-04-11T09:58:04+00:00","dateModified":"2019-04-18T07:26:37+00:00","breadcrumb":{"@id":"https:\/\/www.sprach-kaffee.de\/it\/was-ist-wo\/auslaenderamt\/#breadcrumb"},"inLanguage":"it-IT","potentialAction":[{"@type":"ReadAction","target":["https:\/\/www.sprach-kaffee.de\/it\/was-ist-wo\/auslaenderamt\/"]}]},{"@type":"BreadcrumbList","@id":"https:\/\/www.sprach-kaffee.de\/it\/was-ist-wo\/auslaenderamt\/#breadcrumb","itemListElement":[{"@type":"ListItem","position":1,"name":"Home","item":"\/it\/startseite\/"},{"@type":"ListItem","position":2,"name":"Che cosa \u00e8 dove","item":"\/it\/was-ist-wo\/"},{"@type":"ListItem","position":3,"name":"L&#8217;ufficio immigrazione"}]},{"@type":"WebSite","@id":"https:\/\/www.sprach-kaffee.de\/it\/#website","url":"https:\/\/www.sprach-kaffee.de\/it\/","name":"Sprachkaffee","description":"Die Integrationshilfe in H\u00f6velhof","potentialAction":[{"@type":"SearchAction","target":{"@type":"EntryPoint","urlTemplate":"https:\/\/www.sprach-kaffee.de\/it\/?s={search_term_string}"},"query-input":{"@type":"PropertyValueSpecification","valueRequired":true,"valueName":"search_term_string"}}],"inLanguage":"it-IT"}]}},"_links":{"self":[{"href":"https:\/\/www.sprach-kaffee.de\/it\/wp-json\/wp\/v2\/pages\/1784"}],"collection":[{"href":"https:\/\/www.sprach-kaffee.de\/it\/wp-json\/wp\/v2\/pages"}],"about":[{"href":"https:\/\/www.sprach-kaffee.de\/it\/wp-json\/wp\/v2\/types\/page"}],"author":[{"embeddable":true,"href":"https:\/\/www.sprach-kaffee.de\/it\/wp-json\/wp\/v2\/users\/1"}],"replies":[{"embeddable":true,"href":"https:\/\/www.sprach-kaffee.de\/it\/wp-json\/wp\/v2\/comments?post=1784"}],"version-history":[{"count":1,"href":"https:\/\/www.sprach-kaffee.de\/it\/wp-json\/wp\/v2\/pages\/1784\/revisions"}],"predecessor-version":[{"id":1786,"href":"https:\/\/www.sprach-kaffee.de\/it\/wp-json\/wp\/v2\/pages\/1784\/revisions\/1786"}],"up":[{"embeddable":true,"href":"https:\/\/www.sprach-kaffee.de\/it\/wp-json\/wp\/v2\/pages\/521"}],"wp:attachment":[{"href":"https:\/\/www.sprach-kaffee.de\/it\/wp-json\/wp\/v2\/media?parent=1784"}],"curies":[{"name":"wp","href":"https:\/\/api.w.org\/{rel}","templated":true}]}}