{"id":1946,"date":"2019-04-11T14:01:42","date_gmt":"2019-04-11T14:01:42","guid":{"rendered":"https:\/\/www.sprach-kaffee.de\/was-ist-wo\/polizei\/"},"modified":"2019-04-18T09:55:56","modified_gmt":"2019-04-18T09:55:56","slug":"polizei","status":"publish","type":"page","link":"\/it\/was-ist-wo\/polizei\/","title":{"rendered":"Polizia"},"content":{"rendered":"<div id='av_section_1'  class='avia-section main_color avia-section-default avia-no-border-styling avia-bg-style-scroll  avia-builder-el-0  el_before_av_one_half  avia-builder-el-first   container_wrap fullsize' style='background-color: #877f7d;  '  ><div class='container' ><main  role=\"main\" itemprop=\"mainContentOfPage\"  class='template-page content  av-content-full alpha units'><div class='post-entry post-entry-type-page post-entry-1946'><div class='entry-content-wrapper clearfix'>\n<section class=\"av_textblock_section \"  itemscope=\"itemscope\" itemtype=\"https:\/\/schema.org\/CreativeWork\" ><div class='avia_textblock  av_inherit_color '  style='color:#ffffff; '  itemprop=\"text\" ><h1 style=\"text-align: left;\">Police<\/h1>\n<\/div><\/section>\n<\/div><\/div><\/main><!-- close content main element --><\/div><\/div><div id='after_section_1'  class='main_color av_default_container_wrap container_wrap fullsize' style=' '  ><div class='container' ><div class='template-page content  av-content-full alpha units'><div class='post-entry post-entry-type-page post-entry-1946'><div class='entry-content-wrapper clearfix'><div class=\"flex_column av_one_half  flex_column_div av-zero-column-padding first  avia-builder-el-2  el_after_av_section  el_before_av_one_half  avia-builder-el-first  \" style='border-radius:0px; '><div  class='avia-image-container  av-styling-    avia-builder-el-3  avia-builder-el-no-sibling  avia-align-center '  itemprop=\"image\" itemscope=\"itemscope\" itemtype=\"https:\/\/schema.org\/ImageObject\"  ><div class='avia-image-container-inner'><div class='avia-image-overlay-wrap'><img class='avia_image' src='\/dm-wp-content\/uploads\/Polizei-300px-100.jpg' alt='' title='Polizei 300px-100' height=\"300\" width=\"775\"  itemprop=\"thumbnailUrl\"  \/><\/div><\/div><\/div><\/div><\/p>\n<div class=\"flex_column av_one_half  flex_column_div av-zero-column-padding   avia-builder-el-4  el_after_av_one_half  el_before_av_one_full  \" style='border-radius:0px; '><section class=\"av_textblock_section \"  itemscope=\"itemscope\" itemtype=\"https:\/\/schema.org\/CreativeWork\" ><div class='avia_textblock  '   itemprop=\"text\" ><p>La police est une chose difficile pour les r\u00e9fugi\u00e9s.<\/p>\n<p>Il prot\u00e8ge toutes les personnes de mani\u00e8re \u00e9gale, qu&#8217;il soit r\u00e9fugi\u00e9 ou allemand, riche ou pauvre!<br \/>\nLorsque vous en avez besoin, appelez imm\u00e9diatement le num\u00e9ro d&#8217;urgence 110. Ceci est \u00e9galement possible avec les t\u00e9l\u00e9phones mobiles. Les policiers sont toujours amicaux et serviables si vous les traitez avec respect et gentillesse.<\/p>\n<\/div><\/section><\/div><div class=\"flex_column av_one_full  flex_column_div av-zero-column-padding first  avia-builder-el-6  el_after_av_one_half  el_before_av_one_half  column-top-margin\" style='border-radius:0px; '><section class=\"av_textblock_section \"  itemscope=\"itemscope\" itemtype=\"https:\/\/schema.org\/CreativeWork\" ><div class='avia_textblock  '   itemprop=\"text\" ><p>La police s&#8217;assure que tout le monde respecte les lois! C\u2019est pr\u00e9cis\u00e9ment parce que la police joue un r\u00f4le aussi important dans la d\u00e9mocratie que les plaintes d\u00e9pos\u00e9es contre la police font l\u2019objet d\u2019une v\u00e9rification minutieuse. En Allemagne, tout le monde est consid\u00e9r\u00e9 comme innocent jusqu&#8217;\u00e0 ce qu&#8217;un tribunal conclue \u00e0 une faute dans un proc\u00e8s. Personne ne doit se reprocher ni t\u00e9moigner contre des membres proches de la famille.<\/p>\n<p>Vous ne pouvez en aucun cas les comparer \u00e0 la police des pays d&#8217;origine des r\u00e9fugi\u00e9s.<\/p>\n<p>La communication est assez difficile pour un \u00e9tranger. Tout le monde a entendu parler de cas o\u00f9, \u00e0 la suite d&#8217;interpr\u00e8tes m\u00e9diocres, la proc\u00e9dure de demande d&#8217;asile avait \u00e9t\u00e9 r\u00e9gl\u00e9e n\u00e9gativement ou la proc\u00e9dure ne pouvait \u00eatre reprise que tr\u00e8s difficilement. Un tr\u00e8s bon interpr\u00e8te est \u00e9galement important pour communiquer avec la police.<\/p>\n<p>Parler est argent, mais le silence est or.<\/p>\n<p>Si vous recevez une invitation de la part de la police, parce qu&#8217;elle souhaite en savoir plus sur l&#8217;une de ces cas, il s&#8217;agit legalement principalement d&#8217;une demande amicale. Cependant, ces lettres sont toujours \u00e9crites de telle mani\u00e8re que l\u2019on pense qu\u2019on serait forc\u00e9 d\u2019y aller! C&#8217;est faux!<br \/>\nM\u00eame lorsque vous rendez visite \u00e0 la police, vous n&#8217;\u00eates pas oblig\u00e9 de leur parler. La police ne peut les forcer \u00e0 entrer chez eux que s&#8217;ils ont re\u00e7u le mandat de perquisition d&#8217;un tribunal ou s&#8217;il existe un danger r\u00e9el.<\/p>\n<p>Dans tous les cas, vous devez rester calme et appeler un avocat. L&#8217;avocat obtient le travail pour r\u00e9gler la question. Les lois sont tr\u00e8s compliqu\u00e9es, les avocats sont des professionnels et veillez \u00e0 ne pas commettre d&#8217;erreur. En outre, les avocats demanderont imm\u00e9diatement une inspection du dossier, ce qui signifie qu&#8217;ils d\u00e9couvriront imm\u00e9diatement ce que la police sait et que l&#8217;avocat obtiendra toutes les informations importantes. L&#8217;avocat vous conseille \u00e9galement sur la mani\u00e8re de proc\u00e9der.<\/p>\n<\/div><\/section><\/div><div class=\"flex_column av_one_half  flex_column_div av-zero-column-padding first  avia-builder-el-8  el_after_av_one_full  el_before_av_one_half  column-top-margin\" style='border-radius:0px; '><div  class='avia-image-container  av-styling-    avia-builder-el-9  avia-builder-el-no-sibling  avia-align-center '  itemprop=\"image\" itemscope=\"itemscope\" itemtype=\"https:\/\/schema.org\/ImageObject\"  ><div class='avia-image-container-inner'><div class='avia-image-overlay-wrap'><img class='avia_image' src='\/dm-wp-content\/uploads\/Polizei-300px-101.jpg' alt='' title='Polizei 300px-101' height=\"349\" width=\"300\"  itemprop=\"thumbnailUrl\"  \/><\/div><\/div><\/div><\/div><\/p>\n<div class=\"flex_column av_one_half  flex_column_div av-zero-column-padding   avia-builder-el-10  el_after_av_one_half  el_before_av_one_full  column-top-margin\" style='border-radius:0px; '><div  class='avia-image-container  av-styling-    avia-builder-el-11  avia-builder-el-no-sibling  avia-align-center '  itemprop=\"image\" itemscope=\"itemscope\" itemtype=\"https:\/\/schema.org\/ImageObject\"  ><div class='avia-image-container-inner'><div class='avia-image-overlay-wrap'><img class='avia_image' src='\/dm-wp-content\/uploads\/Polizei-300px-102.jpg' alt='' title='Polizei 300px-102' height=\"300\" width=\"400\"  itemprop=\"thumbnailUrl\"  \/><\/div><\/div><\/div><\/div>\n<div class=\"flex_column av_one_full  flex_column_div av-zero-column-padding first  avia-builder-el-12  el_after_av_one_half  el_before_av_one_half  column-top-margin\" style='border-radius:0px; '><section class=\"av_textblock_section \"  itemscope=\"itemscope\" itemtype=\"https:\/\/schema.org\/CreativeWork\" ><div class='avia_textblock  '   itemprop=\"text\" ><p><a href=\"https:\/\/paderborn.polizei.nrw\/bezirksdienst-hoevelhof\">https:\/\/paderborn.polizei.nrw\/bezirksdienst-hoevelhof<\/a><\/p>\n<\/div><\/section><\/div>\n<div class=\"flex_column av_one_half  flex_column_div av-zero-column-padding first  avia-builder-el-14  el_after_av_one_full  el_before_av_one_half  column-top-margin\" style='border-radius:0px; '><section class=\"av_textblock_section \"  itemscope=\"itemscope\" itemtype=\"https:\/\/schema.org\/CreativeWork\" ><div class='avia_textblock  '   itemprop=\"text\" ><p><strong>Polizei H\u00f6velhof<\/strong><\/p>\n<p>Bahnhofstra\u00dfe 14<br \/>\n33161 H\u00f6velhof<br \/>\nT\u00e9l\u00e9phone: 05257 2700<br \/>\nNum\u00e9ro de t\u00e9l\u00e8phone d&#8217;urgence: 110<\/p>\n<\/div><\/section><\/div><div class=\"flex_column av_one_half  flex_column_div av-zero-column-padding   avia-builder-el-16  el_after_av_one_half  avia-builder-el-last  column-top-margin\" style='border-radius:0px; '><section class=\"av_textblock_section \"  itemscope=\"itemscope\" itemtype=\"https:\/\/schema.org\/CreativeWork\" ><div class='avia_textblock  '   itemprop=\"text\" ><p><strong>Horaires d&#8217;ouverture:<\/strong><br \/>\nMardi: de 09h00 \u00e0 11h00<br \/>\nJeudi: 17h00 &#8211; 19h00<\/p>\n<\/div><\/section><\/div><\/p>\n","protected":false},"excerpt":{"rendered":"","protected":false},"author":1,"featured_media":0,"parent":521,"menu_order":0,"comment_status":"closed","ping_status":"closed","template":"","meta":{"footnotes":""},"yoast_head":"<!-- This site is optimized with the Yoast SEO plugin v23.5 - https:\/\/yoast.com\/wordpress\/plugins\/seo\/ -->\n<title>Polizia | Sprachkaffee<\/title>\n<meta name=\"robots\" content=\"index, follow, max-snippet:-1, max-image-preview:large, max-video-preview:-1\" \/>\n<link rel=\"canonical\" href=\"https:\/\/www.sprach-kaffee.de\/it\/was-ist-wo\/polizei\/\" \/>\n<meta property=\"og:locale\" content=\"it_IT\" \/>\n<meta property=\"og:type\" content=\"article\" \/>\n<meta property=\"og:title\" content=\"Polizia | Sprachkaffee\" \/>\n<meta property=\"og:url\" content=\"\/it\/was-ist-wo\/polizei\/\" \/>\n<meta property=\"og:site_name\" content=\"Sprachkaffee\" \/>\n<meta property=\"article:modified_time\" content=\"2019-04-18T09:55:56+00:00\" \/>\n<meta name=\"twitter:card\" content=\"summary_large_image\" \/>\n<meta name=\"twitter:label1\" content=\"Tempo di lettura stimato\" \/>\n\t<meta name=\"twitter:data1\" content=\"9 minuti\" \/>\n<script type=\"application\/ld+json\" class=\"yoast-schema-graph\">{\"@context\":\"https:\/\/schema.org\",\"@graph\":[{\"@type\":\"WebPage\",\"@id\":\"\/it\/was-ist-wo\/polizei\/\",\"url\":\"https:\/\/www.sprach-kaffee.de\/it\/was-ist-wo\/polizei\/\",\"name\":\"Polizia | Sprachkaffee\",\"isPartOf\":{\"@id\":\"https:\/\/www.sprach-kaffee.de\/it\/#website\"},\"datePublished\":\"2019-04-11T14:01:42+00:00\",\"dateModified\":\"2019-04-18T09:55:56+00:00\",\"breadcrumb\":{\"@id\":\"https:\/\/www.sprach-kaffee.de\/it\/was-ist-wo\/polizei\/#breadcrumb\"},\"inLanguage\":\"it-IT\",\"potentialAction\":[{\"@type\":\"ReadAction\",\"target\":[\"https:\/\/www.sprach-kaffee.de\/it\/was-ist-wo\/polizei\/\"]}]},{\"@type\":\"BreadcrumbList\",\"@id\":\"https:\/\/www.sprach-kaffee.de\/it\/was-ist-wo\/polizei\/#breadcrumb\",\"itemListElement\":[{\"@type\":\"ListItem\",\"position\":1,\"name\":\"Home\",\"item\":\"\/it\/startseite\/\"},{\"@type\":\"ListItem\",\"position\":2,\"name\":\"Che cosa \u00e8 dove\",\"item\":\"\/it\/was-ist-wo\/\"},{\"@type\":\"ListItem\",\"position\":3,\"name\":\"Polizia\"}]},{\"@type\":\"WebSite\",\"@id\":\"https:\/\/www.sprach-kaffee.de\/it\/#website\",\"url\":\"https:\/\/www.sprach-kaffee.de\/it\/\",\"name\":\"Sprachkaffee\",\"description\":\"Die Integrationshilfe in H\u00f6velhof\",\"potentialAction\":[{\"@type\":\"SearchAction\",\"target\":{\"@type\":\"EntryPoint\",\"urlTemplate\":\"https:\/\/www.sprach-kaffee.de\/it\/?s={search_term_string}\"},\"query-input\":{\"@type\":\"PropertyValueSpecification\",\"valueRequired\":true,\"valueName\":\"search_term_string\"}}],\"inLanguage\":\"it-IT\"}]}<\/script>\n<!-- \/ Yoast SEO plugin. -->","yoast_head_json":{"title":"Polizia | Sprachkaffee","robots":{"index":"index","follow":"follow","max-snippet":"max-snippet:-1","max-image-preview":"max-image-preview:large","max-video-preview":"max-video-preview:-1"},"canonical":"https:\/\/www.sprach-kaffee.de\/it\/was-ist-wo\/polizei\/","og_locale":"it_IT","og_type":"article","og_title":"Polizia | Sprachkaffee","og_url":"\/it\/was-ist-wo\/polizei\/","og_site_name":"Sprachkaffee","article_modified_time":"2019-04-18T09:55:56+00:00","twitter_card":"summary_large_image","twitter_misc":{"Tempo di lettura stimato":"9 minuti"},"schema":{"@context":"https:\/\/schema.org","@graph":[{"@type":"WebPage","@id":"\/it\/was-ist-wo\/polizei\/","url":"https:\/\/www.sprach-kaffee.de\/it\/was-ist-wo\/polizei\/","name":"Polizia | Sprachkaffee","isPartOf":{"@id":"https:\/\/www.sprach-kaffee.de\/it\/#website"},"datePublished":"2019-04-11T14:01:42+00:00","dateModified":"2019-04-18T09:55:56+00:00","breadcrumb":{"@id":"https:\/\/www.sprach-kaffee.de\/it\/was-ist-wo\/polizei\/#breadcrumb"},"inLanguage":"it-IT","potentialAction":[{"@type":"ReadAction","target":["https:\/\/www.sprach-kaffee.de\/it\/was-ist-wo\/polizei\/"]}]},{"@type":"BreadcrumbList","@id":"https:\/\/www.sprach-kaffee.de\/it\/was-ist-wo\/polizei\/#breadcrumb","itemListElement":[{"@type":"ListItem","position":1,"name":"Home","item":"\/it\/startseite\/"},{"@type":"ListItem","position":2,"name":"Che cosa \u00e8 dove","item":"\/it\/was-ist-wo\/"},{"@type":"ListItem","position":3,"name":"Polizia"}]},{"@type":"WebSite","@id":"https:\/\/www.sprach-kaffee.de\/it\/#website","url":"https:\/\/www.sprach-kaffee.de\/it\/","name":"Sprachkaffee","description":"Die Integrationshilfe in H\u00f6velhof","potentialAction":[{"@type":"SearchAction","target":{"@type":"EntryPoint","urlTemplate":"https:\/\/www.sprach-kaffee.de\/it\/?s={search_term_string}"},"query-input":{"@type":"PropertyValueSpecification","valueRequired":true,"valueName":"search_term_string"}}],"inLanguage":"it-IT"}]}},"_links":{"self":[{"href":"https:\/\/www.sprach-kaffee.de\/it\/wp-json\/wp\/v2\/pages\/1946"}],"collection":[{"href":"https:\/\/www.sprach-kaffee.de\/it\/wp-json\/wp\/v2\/pages"}],"about":[{"href":"https:\/\/www.sprach-kaffee.de\/it\/wp-json\/wp\/v2\/types\/page"}],"author":[{"embeddable":true,"href":"https:\/\/www.sprach-kaffee.de\/it\/wp-json\/wp\/v2\/users\/1"}],"replies":[{"embeddable":true,"href":"https:\/\/www.sprach-kaffee.de\/it\/wp-json\/wp\/v2\/comments?post=1946"}],"version-history":[{"count":1,"href":"https:\/\/www.sprach-kaffee.de\/it\/wp-json\/wp\/v2\/pages\/1946\/revisions"}],"predecessor-version":[{"id":1947,"href":"https:\/\/www.sprach-kaffee.de\/it\/wp-json\/wp\/v2\/pages\/1946\/revisions\/1947"}],"up":[{"embeddable":true,"href":"https:\/\/www.sprach-kaffee.de\/it\/wp-json\/wp\/v2\/pages\/521"}],"wp:attachment":[{"href":"https:\/\/www.sprach-kaffee.de\/it\/wp-json\/wp\/v2\/media?parent=1946"}],"curies":[{"name":"wp","href":"https:\/\/api.w.org\/{rel}","templated":true}]}}