{"id":1977,"date":"2019-04-11T14:13:21","date_gmt":"2019-04-11T14:13:21","guid":{"rendered":"https:\/\/www.sprach-kaffee.de\/was-ist-wo\/rechtsanwaelte\/"},"modified":"2024-03-16T20:02:57","modified_gmt":"2024-03-16T20:02:57","slug":"rechtsanwaelte","status":"publish","type":"page","link":"\/it\/was-ist-wo\/rechtsanwaelte\/","title":{"rendered":"Avvocati"},"content":{"rendered":"<div id='av_section_1'  class='avia-section main_color avia-section-default avia-no-border-styling avia-bg-style-scroll  avia-builder-el-0  el_before_av_one_full  avia-builder-el-first   container_wrap fullsize' style='background-color: #877f7d;  '  ><div class='container' ><main  role=\"main\" itemprop=\"mainContentOfPage\"  class='template-page content  av-content-full alpha units'><div class='post-entry post-entry-type-page post-entry-1977'><div class='entry-content-wrapper clearfix'>\n<section class=\"av_textblock_section \"  itemscope=\"itemscope\" itemtype=\"https:\/\/schema.org\/CreativeWork\" ><div class='avia_textblock  av_inherit_color '  style='color:#ffffff; '  itemprop=\"text\" ><h1>Avvocati<\/h1>\n<\/div><\/section>\n<\/div><\/div><\/main><!-- close content main element --><\/div><\/div><div id='after_section_1'  class='main_color av_default_container_wrap container_wrap fullsize' style=' '  ><div class='container' ><div class='template-page content  av-content-full alpha units'><div class='post-entry post-entry-type-page post-entry-1977'><div class='entry-content-wrapper clearfix'>\n<div class=\"flex_column av_one_full  flex_column_div av-zero-column-padding first  avia-builder-el-2  el_after_av_section  el_before_av_one_half  avia-builder-el-first  \" style='border-radius:0px; '><section class=\"av_textblock_section \"  itemscope=\"itemscope\" itemtype=\"https:\/\/schema.org\/CreativeWork\" ><div class='avia_textblock  '   itemprop=\"text\" ><p>Chiunque creda che passi la sua procedura di asilo senza un avvocato dovrebbe sapere cosa sta facendo.<\/p>\n<p>Gli avvocati sono importanti in ogni procedura d&#8217;asilo. Ti proteggono da qualcosa di sbagliato, conoscono le leggi, sono la persona pi\u00f9 importante di fiducia in Germania che un rifugiato dovrebbe avere.<\/p>\n<p>Molti rifugiati credono in quello che gli altri rifugiati hanno detto loro, cosa hanno sentito in patria o, nel peggiore dei casi, ci\u00f2 che hanno visto su Facebook. Quello che sentono l\u00ec \u00e8 totalmente sbagliato. Questa conoscenza sbagliata causa molti problemi e pu\u00f2 persino portare alla deportazione.<\/p>\n<p>Molti non si sono nemmeno resi conto che anche se hanno un avvocato, questo non pu\u00f2 essere un avvocato specializzato in asilo. In Germania ci sono diversi avvocati specializzati in diverse aree. Raccomandiamo urgentemente agli avvocati solo stranieri di giurisprudenza (asilo) di assumere, poich\u00e9 questi sono specialisti nella loro area. Non aiuta molto se l&#8217;avvocato \u00e8 in una citt\u00e0 lontana, un avvocato che \u00e8 vicino \u00e8 sempre una scelta migliore, poich\u00e9 conosce i nostri uffici di immigrazione qui meglio e si pu\u00f2 rapidamente salire su un autobus per un appuntamento.<\/p>\n<p>Abbiamo avuto molte brutte esperienze con gli avvocati, altri non rispondono, altri non sono specialisti, ma tutti vogliono i soldi dei rifugiati.<\/p>\n<p>Raccomandiamo sempre due avvocati con i quali abbiamo sempre avuto esperienze positive.<br \/>\nQuesti prendono almeno \u20ac 25 al mese per gli individui e almeno \u20ac 50 per famiglia al mese nella procedura di asilo.<\/p>\n<p>Si paga la somma ogni mese fino alla fine della procedura di asilo (o se si d\u00e0 preavviso)!<br \/>\nQuindi la somma versata di tutte le somme sar\u00e0 compensata con le spese dell&#8217;avvocato. Alla fine della procedura di asilo, si paga il saldo come pagamento singolo o in rate. Se hai pagato troppo, cosa che non abbiamo mai sperimentato prima, avrai ovviamente indietro i soldi strapagati.<\/p>\n<\/div><\/section><\/div>\n<div class=\"flex_column av_one_half  flex_column_div av-zero-column-padding first  avia-builder-el-4  el_after_av_one_full  el_before_av_one_half  column-top-margin\" style='border-radius:0px; '><section class=\"av_textblock_section \"  itemscope=\"itemscope\" itemtype=\"https:\/\/schema.org\/CreativeWork\" ><div class='avia_textblock  '   itemprop=\"text\" ><p><strong>Se necessario, possiamo consigliarvi due avvocati di Paderborn,<\/strong><br \/>\n<strong>con cui abbiamo avuto buone esperienze<\/strong><\/p>\n<\/div><\/section><\/div><div class=\"flex_column av_one_half  flex_column_div av-zero-column-padding   avia-builder-el-6  el_after_av_one_half  avia-builder-el-last  column-top-margin\" style='border-radius:0px; '><section class=\"av_textblock_section \"  itemscope=\"itemscope\" itemtype=\"https:\/\/schema.org\/CreativeWork\" ><div class='avia_textblock  '   itemprop=\"text\" ><p>Per motivi legali non possiamo fare pubblicit\u00e0 per avvocati,<\/p>\n<p>quindi ti chiediamo semplicemente di contattarci.<\/p>\n<\/div><\/section><\/div><\/p>\n","protected":false},"excerpt":{"rendered":"","protected":false},"author":1,"featured_media":0,"parent":521,"menu_order":0,"comment_status":"closed","ping_status":"closed","template":"","meta":{"footnotes":""},"yoast_head":"<!-- This site is optimized with the Yoast SEO plugin v23.5 - https:\/\/yoast.com\/wordpress\/plugins\/seo\/ -->\n<title>Avvocati | Sprachkaffee<\/title>\n<meta name=\"robots\" content=\"index, follow, max-snippet:-1, max-image-preview:large, max-video-preview:-1\" \/>\n<link rel=\"canonical\" href=\"https:\/\/www.sprach-kaffee.de\/it\/was-ist-wo\/rechtsanwaelte\/\" \/>\n<meta property=\"og:locale\" content=\"it_IT\" \/>\n<meta property=\"og:type\" content=\"article\" \/>\n<meta property=\"og:title\" content=\"Avvocati | Sprachkaffee\" \/>\n<meta property=\"og:url\" content=\"\/it\/was-ist-wo\/rechtsanwaelte\/\" \/>\n<meta property=\"og:site_name\" content=\"Sprachkaffee\" \/>\n<meta property=\"article:modified_time\" content=\"2024-03-16T20:02:57+00:00\" \/>\n<meta name=\"twitter:card\" content=\"summary_large_image\" \/>\n<meta name=\"twitter:label1\" content=\"Tempo di lettura stimato\" \/>\n\t<meta name=\"twitter:data1\" content=\"3 minuti\" \/>\n<script type=\"application\/ld+json\" class=\"yoast-schema-graph\">{\"@context\":\"https:\/\/schema.org\",\"@graph\":[{\"@type\":\"WebPage\",\"@id\":\"\/it\/was-ist-wo\/rechtsanwaelte\/\",\"url\":\"https:\/\/www.sprach-kaffee.de\/it\/was-ist-wo\/rechtsanwaelte\/\",\"name\":\"Avvocati | Sprachkaffee\",\"isPartOf\":{\"@id\":\"https:\/\/www.sprach-kaffee.de\/it\/#website\"},\"datePublished\":\"2019-04-11T14:13:21+00:00\",\"dateModified\":\"2024-03-16T20:02:57+00:00\",\"breadcrumb\":{\"@id\":\"https:\/\/www.sprach-kaffee.de\/it\/was-ist-wo\/rechtsanwaelte\/#breadcrumb\"},\"inLanguage\":\"it-IT\",\"potentialAction\":[{\"@type\":\"ReadAction\",\"target\":[\"https:\/\/www.sprach-kaffee.de\/it\/was-ist-wo\/rechtsanwaelte\/\"]}]},{\"@type\":\"BreadcrumbList\",\"@id\":\"https:\/\/www.sprach-kaffee.de\/it\/was-ist-wo\/rechtsanwaelte\/#breadcrumb\",\"itemListElement\":[{\"@type\":\"ListItem\",\"position\":1,\"name\":\"Home\",\"item\":\"\/it\/startseite\/\"},{\"@type\":\"ListItem\",\"position\":2,\"name\":\"Che cosa \u00e8 dove\",\"item\":\"\/it\/was-ist-wo\/\"},{\"@type\":\"ListItem\",\"position\":3,\"name\":\"Avvocati\"}]},{\"@type\":\"WebSite\",\"@id\":\"https:\/\/www.sprach-kaffee.de\/it\/#website\",\"url\":\"https:\/\/www.sprach-kaffee.de\/it\/\",\"name\":\"Sprachkaffee\",\"description\":\"Die Integrationshilfe in H\u00f6velhof\",\"potentialAction\":[{\"@type\":\"SearchAction\",\"target\":{\"@type\":\"EntryPoint\",\"urlTemplate\":\"https:\/\/www.sprach-kaffee.de\/it\/?s={search_term_string}\"},\"query-input\":{\"@type\":\"PropertyValueSpecification\",\"valueRequired\":true,\"valueName\":\"search_term_string\"}}],\"inLanguage\":\"it-IT\"}]}<\/script>\n<!-- \/ Yoast SEO plugin. -->","yoast_head_json":{"title":"Avvocati | Sprachkaffee","robots":{"index":"index","follow":"follow","max-snippet":"max-snippet:-1","max-image-preview":"max-image-preview:large","max-video-preview":"max-video-preview:-1"},"canonical":"https:\/\/www.sprach-kaffee.de\/it\/was-ist-wo\/rechtsanwaelte\/","og_locale":"it_IT","og_type":"article","og_title":"Avvocati | Sprachkaffee","og_url":"\/it\/was-ist-wo\/rechtsanwaelte\/","og_site_name":"Sprachkaffee","article_modified_time":"2024-03-16T20:02:57+00:00","twitter_card":"summary_large_image","twitter_misc":{"Tempo di lettura stimato":"3 minuti"},"schema":{"@context":"https:\/\/schema.org","@graph":[{"@type":"WebPage","@id":"\/it\/was-ist-wo\/rechtsanwaelte\/","url":"https:\/\/www.sprach-kaffee.de\/it\/was-ist-wo\/rechtsanwaelte\/","name":"Avvocati | Sprachkaffee","isPartOf":{"@id":"https:\/\/www.sprach-kaffee.de\/it\/#website"},"datePublished":"2019-04-11T14:13:21+00:00","dateModified":"2024-03-16T20:02:57+00:00","breadcrumb":{"@id":"https:\/\/www.sprach-kaffee.de\/it\/was-ist-wo\/rechtsanwaelte\/#breadcrumb"},"inLanguage":"it-IT","potentialAction":[{"@type":"ReadAction","target":["https:\/\/www.sprach-kaffee.de\/it\/was-ist-wo\/rechtsanwaelte\/"]}]},{"@type":"BreadcrumbList","@id":"https:\/\/www.sprach-kaffee.de\/it\/was-ist-wo\/rechtsanwaelte\/#breadcrumb","itemListElement":[{"@type":"ListItem","position":1,"name":"Home","item":"\/it\/startseite\/"},{"@type":"ListItem","position":2,"name":"Che cosa \u00e8 dove","item":"\/it\/was-ist-wo\/"},{"@type":"ListItem","position":3,"name":"Avvocati"}]},{"@type":"WebSite","@id":"https:\/\/www.sprach-kaffee.de\/it\/#website","url":"https:\/\/www.sprach-kaffee.de\/it\/","name":"Sprachkaffee","description":"Die Integrationshilfe in H\u00f6velhof","potentialAction":[{"@type":"SearchAction","target":{"@type":"EntryPoint","urlTemplate":"https:\/\/www.sprach-kaffee.de\/it\/?s={search_term_string}"},"query-input":{"@type":"PropertyValueSpecification","valueRequired":true,"valueName":"search_term_string"}}],"inLanguage":"it-IT"}]}},"_links":{"self":[{"href":"https:\/\/www.sprach-kaffee.de\/it\/wp-json\/wp\/v2\/pages\/1977"}],"collection":[{"href":"https:\/\/www.sprach-kaffee.de\/it\/wp-json\/wp\/v2\/pages"}],"about":[{"href":"https:\/\/www.sprach-kaffee.de\/it\/wp-json\/wp\/v2\/types\/page"}],"author":[{"embeddable":true,"href":"https:\/\/www.sprach-kaffee.de\/it\/wp-json\/wp\/v2\/users\/1"}],"replies":[{"embeddable":true,"href":"https:\/\/www.sprach-kaffee.de\/it\/wp-json\/wp\/v2\/comments?post=1977"}],"version-history":[{"count":3,"href":"https:\/\/www.sprach-kaffee.de\/it\/wp-json\/wp\/v2\/pages\/1977\/revisions"}],"predecessor-version":[{"id":2420,"href":"https:\/\/www.sprach-kaffee.de\/it\/wp-json\/wp\/v2\/pages\/1977\/revisions\/2420"}],"up":[{"embeddable":true,"href":"https:\/\/www.sprach-kaffee.de\/it\/wp-json\/wp\/v2\/pages\/521"}],"wp:attachment":[{"href":"https:\/\/www.sprach-kaffee.de\/it\/wp-json\/wp\/v2\/media?parent=1977"}],"curies":[{"name":"wp","href":"https:\/\/api.w.org\/{rel}","templated":true}]}}