{"id":2004,"date":"2019-04-11T13:54:25","date_gmt":"2019-04-11T13:54:25","guid":{"rendered":"https:\/\/www.sprach-kaffee.de\/was-ist-wo\/ss-markt\/"},"modified":"2023-04-14T19:01:29","modified_gmt":"2023-04-14T19:01:29","slug":"ss-markt","status":"publish","type":"page","link":"\/it\/was-ist-wo\/ss-markt\/","title":{"rendered":"Mercato S &#038; S"},"content":{"rendered":"<div id='av_section_1'  class='avia-section main_color avia-section-default avia-no-border-styling avia-bg-style-scroll  avia-builder-el-0  el_before_av_one_half  avia-builder-el-first   container_wrap fullsize' style=' '  ><div class='container' ><main  role=\"main\" itemprop=\"mainContentOfPage\"  class='template-page content  av-content-full alpha units'><div class='post-entry post-entry-type-page post-entry-2004'><div class='entry-content-wrapper clearfix'>\n<section class=\"av_textblock_section \"  itemscope=\"itemscope\" itemtype=\"https:\/\/schema.org\/CreativeWork\" ><div class='avia_textblock  av_inherit_color '  style='color:#ffffff; '  itemprop=\"text\" ><h1>Mercato S &#038; S<\/h1>\n<\/div><\/section>\n<\/div><\/div><\/main><!-- close content main element --><\/div><\/div><div id='after_section_1'  class='main_color av_default_container_wrap container_wrap fullsize' style=' '  ><div class='container' ><div class='template-page content  av-content-full alpha units'><div class='post-entry post-entry-type-page post-entry-2004'><div class='entry-content-wrapper clearfix'>\n<div class=\"flex_column av_one_half  flex_column_div av-zero-column-padding first  avia-builder-el-2  el_after_av_section  el_before_av_one_half  avia-builder-el-first  \" style='border-radius:0px; '><div  class='avia-image-container  av-styling-    avia-builder-el-3  avia-builder-el-no-sibling  avia-align-center '  itemprop=\"image\" itemscope=\"itemscope\" itemtype=\"https:\/\/schema.org\/ImageObject\"  ><div class='avia-image-container-inner'><div class='avia-image-overlay-wrap'><img class='avia_image' src='\/dm-wp-content\/uploads\/S-und-S-Markt-300px-101.jpg' alt='' title='S und S Markt 300px-101' height=\"300\" width=\"400\"  itemprop=\"thumbnailUrl\"  \/><\/div><\/div><\/div><\/div>\n<div class=\"flex_column av_one_half  flex_column_div av-zero-column-padding   avia-builder-el-4  el_after_av_one_half  el_before_av_one_full  \" style='border-radius:0px; '><section class=\"av_textblock_section \"  itemscope=\"itemscope\" itemtype=\"https:\/\/schema.org\/CreativeWork\" ><div class='avia_textblock  '   itemprop=\"text\" ><p>Cibo asiatico e tutto ci\u00f2 di cui hai bisogno.<\/p>\n<\/div><\/section><\/div>\n<div class=\"flex_column av_one_full  flex_column_div av-zero-column-padding first  avia-builder-el-6  el_after_av_one_half  el_before_av_one_third  column-top-margin\" style='border-radius:0px; '><section class=\"av_textblock_section \"  itemscope=\"itemscope\" itemtype=\"https:\/\/schema.org\/CreativeWork\" ><div class='avia_textblock  '   itemprop=\"text\" ><p>Il mercato S &#038; S \u00e8 un mercato con un&#8217;offerta molto ampia. Oltre al cibo indiano, c&#8217;\u00e8 anche una grande variet\u00e0 di prodotti provenienti da paesi arabi e africani.<\/p>\n<p>Le numerose variet\u00e0 di riso in confezioni di dimensioni insolitamente grandi sono immediatamente evidenti quando si entra nel mercato. La variet\u00e0 dei prodotti \u00e8 cos\u00ec grande che quasi nessun desiderio rimane aperto. I congelatori hanno un&#8217;offerta mutevole e il reparto ortaggi \u00e8 tenuto piccolo. Lo staff e particolarmente cordiale e cortese sar\u00e0 felice di aiutarti a trovare quello che stai cercando.<\/p>\n<\/div><\/section><\/div>\n<div class=\"flex_column av_one_third  flex_column_div av-zero-column-padding first  avia-builder-el-8  el_after_av_one_full  el_before_av_one_third  column-top-margin\" style='border-radius:0px; '><div  class='avia-image-container  av-styling-    avia-builder-el-9  avia-builder-el-no-sibling  avia-align-center '  itemprop=\"image\" itemscope=\"itemscope\" itemtype=\"https:\/\/schema.org\/ImageObject\"  ><div class='avia-image-container-inner'><div class='avia-image-overlay-wrap'><img class='avia_image' src='\/dm-wp-content\/uploads\/S-und-S-Markt-300px-101.jpg' alt='' title='S und S Markt 300px-101' height=\"300\" width=\"400\"  itemprop=\"thumbnailUrl\"  \/><\/div><\/div><\/div><\/div>\n<div class=\"flex_column av_one_third  flex_column_div av-zero-column-padding   avia-builder-el-10  el_after_av_one_third  el_before_av_one_third  column-top-margin\" style='border-radius:0px; '><div  class='avia-image-container  av-styling-    avia-builder-el-11  avia-builder-el-no-sibling  avia-align-center '  itemprop=\"image\" itemscope=\"itemscope\" itemtype=\"https:\/\/schema.org\/ImageObject\"  ><div class='avia-image-container-inner'><div class='avia-image-overlay-wrap'><img class='avia_image' src='\/dm-wp-content\/uploads\/S-und-S-Markt-300px-102.jpg' alt='' title='S und S Markt 300px-102' height=\"300\" width=\"400\"  itemprop=\"thumbnailUrl\"  \/><\/div><\/div><\/div><\/div>\n<div class=\"flex_column av_one_third  flex_column_div av-zero-column-padding   avia-builder-el-12  el_after_av_one_third  el_before_av_one_half  column-top-margin\" style='border-radius:0px; '><div  class='avia-image-container  av-styling-    avia-builder-el-13  avia-builder-el-no-sibling  avia-align-center '  itemprop=\"image\" itemscope=\"itemscope\" itemtype=\"https:\/\/schema.org\/ImageObject\"  ><div class='avia-image-container-inner'><div class='avia-image-overlay-wrap'><img class='avia_image' src='\/dm-wp-content\/uploads\/S-und-S-Markt-300px-103.jpg' alt='' title='S und S Markt 300px-103' height=\"300\" width=\"400\"  itemprop=\"thumbnailUrl\"  \/><\/div><\/div><\/div><\/div>\n<div class=\"flex_column av_one_half  flex_column_div av-zero-column-padding first  avia-builder-el-14  el_after_av_one_third  el_before_av_one_half  column-top-margin\" style='border-radius:0px; '><section class=\"av_textblock_section \"  itemscope=\"itemscope\" itemtype=\"https:\/\/schema.org\/CreativeWork\" ><div class='avia_textblock  '   itemprop=\"text\" ><p><strong>S &amp; S Markt<\/strong><br \/>\nBahnhofsstra\u00dfe 9<br \/>\n33102 Paderborn<\/p>\n<\/div><\/section><\/div><div class=\"flex_column av_one_half  flex_column_div av-zero-column-padding   avia-builder-el-16  el_after_av_one_half  avia-builder-el-last  column-top-margin\" style='border-radius:0px; '><section class=\"av_textblock_section \"  itemscope=\"itemscope\" itemtype=\"https:\/\/schema.org\/CreativeWork\" ><div class='avia_textblock  '   itemprop=\"text\" ><p><strong>Orari di apertura:<\/strong><br \/>\nDal luned\u00ec al sabato: dalle 09:30 alle 19:00<\/p>\n<\/div><\/section><\/div><\/p>\n","protected":false},"excerpt":{"rendered":"","protected":false},"author":1,"featured_media":0,"parent":521,"menu_order":0,"comment_status":"closed","ping_status":"closed","template":"","meta":{"footnotes":""},"yoast_head":"<!-- This site is optimized with the Yoast SEO plugin v23.5 - https:\/\/yoast.com\/wordpress\/plugins\/seo\/ -->\n<title>Mercato S &amp; S | Sprachkaffee<\/title>\n<meta name=\"robots\" content=\"index, follow, max-snippet:-1, max-image-preview:large, max-video-preview:-1\" \/>\n<link rel=\"canonical\" href=\"https:\/\/www.sprach-kaffee.de\/it\/was-ist-wo\/ss-markt\/\" \/>\n<meta property=\"og:locale\" content=\"it_IT\" \/>\n<meta property=\"og:type\" content=\"article\" \/>\n<meta property=\"og:title\" content=\"Mercato S &amp; S | Sprachkaffee\" \/>\n<meta property=\"og:url\" content=\"\/it\/was-ist-wo\/ss-markt\/\" \/>\n<meta property=\"og:site_name\" content=\"Sprachkaffee\" \/>\n<meta property=\"article:modified_time\" content=\"2023-04-14T19:01:29+00:00\" \/>\n<meta name=\"twitter:card\" content=\"summary_large_image\" \/>\n<meta name=\"twitter:label1\" content=\"Tempo di lettura stimato\" \/>\n\t<meta name=\"twitter:data1\" content=\"7 minuti\" \/>\n<script type=\"application\/ld+json\" class=\"yoast-schema-graph\">{\"@context\":\"https:\/\/schema.org\",\"@graph\":[{\"@type\":\"WebPage\",\"@id\":\"\/it\/was-ist-wo\/ss-markt\/\",\"url\":\"https:\/\/www.sprach-kaffee.de\/it\/was-ist-wo\/ss-markt\/\",\"name\":\"Mercato S & S | Sprachkaffee\",\"isPartOf\":{\"@id\":\"https:\/\/www.sprach-kaffee.de\/it\/#website\"},\"datePublished\":\"2019-04-11T13:54:25+00:00\",\"dateModified\":\"2023-04-14T19:01:29+00:00\",\"breadcrumb\":{\"@id\":\"https:\/\/www.sprach-kaffee.de\/it\/was-ist-wo\/ss-markt\/#breadcrumb\"},\"inLanguage\":\"it-IT\",\"potentialAction\":[{\"@type\":\"ReadAction\",\"target\":[\"https:\/\/www.sprach-kaffee.de\/it\/was-ist-wo\/ss-markt\/\"]}]},{\"@type\":\"BreadcrumbList\",\"@id\":\"https:\/\/www.sprach-kaffee.de\/it\/was-ist-wo\/ss-markt\/#breadcrumb\",\"itemListElement\":[{\"@type\":\"ListItem\",\"position\":1,\"name\":\"Home\",\"item\":\"\/it\/startseite\/\"},{\"@type\":\"ListItem\",\"position\":2,\"name\":\"Che cosa \u00e8 dove\",\"item\":\"\/it\/was-ist-wo\/\"},{\"@type\":\"ListItem\",\"position\":3,\"name\":\"Mercato S &#038; S\"}]},{\"@type\":\"WebSite\",\"@id\":\"https:\/\/www.sprach-kaffee.de\/it\/#website\",\"url\":\"https:\/\/www.sprach-kaffee.de\/it\/\",\"name\":\"Sprachkaffee\",\"description\":\"Die Integrationshilfe in H\u00f6velhof\",\"potentialAction\":[{\"@type\":\"SearchAction\",\"target\":{\"@type\":\"EntryPoint\",\"urlTemplate\":\"https:\/\/www.sprach-kaffee.de\/it\/?s={search_term_string}\"},\"query-input\":{\"@type\":\"PropertyValueSpecification\",\"valueRequired\":true,\"valueName\":\"search_term_string\"}}],\"inLanguage\":\"it-IT\"}]}<\/script>\n<!-- \/ Yoast SEO plugin. -->","yoast_head_json":{"title":"Mercato S & S | Sprachkaffee","robots":{"index":"index","follow":"follow","max-snippet":"max-snippet:-1","max-image-preview":"max-image-preview:large","max-video-preview":"max-video-preview:-1"},"canonical":"https:\/\/www.sprach-kaffee.de\/it\/was-ist-wo\/ss-markt\/","og_locale":"it_IT","og_type":"article","og_title":"Mercato S & S | Sprachkaffee","og_url":"\/it\/was-ist-wo\/ss-markt\/","og_site_name":"Sprachkaffee","article_modified_time":"2023-04-14T19:01:29+00:00","twitter_card":"summary_large_image","twitter_misc":{"Tempo di lettura stimato":"7 minuti"},"schema":{"@context":"https:\/\/schema.org","@graph":[{"@type":"WebPage","@id":"\/it\/was-ist-wo\/ss-markt\/","url":"https:\/\/www.sprach-kaffee.de\/it\/was-ist-wo\/ss-markt\/","name":"Mercato S & S | Sprachkaffee","isPartOf":{"@id":"https:\/\/www.sprach-kaffee.de\/it\/#website"},"datePublished":"2019-04-11T13:54:25+00:00","dateModified":"2023-04-14T19:01:29+00:00","breadcrumb":{"@id":"https:\/\/www.sprach-kaffee.de\/it\/was-ist-wo\/ss-markt\/#breadcrumb"},"inLanguage":"it-IT","potentialAction":[{"@type":"ReadAction","target":["https:\/\/www.sprach-kaffee.de\/it\/was-ist-wo\/ss-markt\/"]}]},{"@type":"BreadcrumbList","@id":"https:\/\/www.sprach-kaffee.de\/it\/was-ist-wo\/ss-markt\/#breadcrumb","itemListElement":[{"@type":"ListItem","position":1,"name":"Home","item":"\/it\/startseite\/"},{"@type":"ListItem","position":2,"name":"Che cosa \u00e8 dove","item":"\/it\/was-ist-wo\/"},{"@type":"ListItem","position":3,"name":"Mercato S &#038; S"}]},{"@type":"WebSite","@id":"https:\/\/www.sprach-kaffee.de\/it\/#website","url":"https:\/\/www.sprach-kaffee.de\/it\/","name":"Sprachkaffee","description":"Die Integrationshilfe in H\u00f6velhof","potentialAction":[{"@type":"SearchAction","target":{"@type":"EntryPoint","urlTemplate":"https:\/\/www.sprach-kaffee.de\/it\/?s={search_term_string}"},"query-input":{"@type":"PropertyValueSpecification","valueRequired":true,"valueName":"search_term_string"}}],"inLanguage":"it-IT"}]}},"_links":{"self":[{"href":"https:\/\/www.sprach-kaffee.de\/it\/wp-json\/wp\/v2\/pages\/2004"}],"collection":[{"href":"https:\/\/www.sprach-kaffee.de\/it\/wp-json\/wp\/v2\/pages"}],"about":[{"href":"https:\/\/www.sprach-kaffee.de\/it\/wp-json\/wp\/v2\/types\/page"}],"author":[{"embeddable":true,"href":"https:\/\/www.sprach-kaffee.de\/it\/wp-json\/wp\/v2\/users\/1"}],"replies":[{"embeddable":true,"href":"https:\/\/www.sprach-kaffee.de\/it\/wp-json\/wp\/v2\/comments?post=2004"}],"version-history":[{"count":3,"href":"https:\/\/www.sprach-kaffee.de\/it\/wp-json\/wp\/v2\/pages\/2004\/revisions"}],"predecessor-version":[{"id":2289,"href":"https:\/\/www.sprach-kaffee.de\/it\/wp-json\/wp\/v2\/pages\/2004\/revisions\/2289"}],"up":[{"embeddable":true,"href":"https:\/\/www.sprach-kaffee.de\/it\/wp-json\/wp\/v2\/pages\/521"}],"wp:attachment":[{"href":"https:\/\/www.sprach-kaffee.de\/it\/wp-json\/wp\/v2\/media?parent=2004"}],"curies":[{"name":"wp","href":"https:\/\/api.w.org\/{rel}","templated":true}]}}