{"id":561,"date":"2019-01-08T09:48:26","date_gmt":"2019-01-08T09:48:26","guid":{"rendered":"https:\/\/www.sprach-kaffee.de\/was-ist-wo\/brot-und-mehr\/"},"modified":"2019-01-08T15:39:18","modified_gmt":"2019-01-08T15:39:18","slug":"pane-e-altro","status":"publish","type":"page","link":"\/it\/was-ist-wo\/pane-e-altro\/","title":{"rendered":"Pane e altro"},"content":{"rendered":"<div id='av_section_1'  class='avia-section main_color avia-section-default avia-no-border-styling avia-full-stretch av-parallax-section avia-bg-style-parallax  avia-builder-el-0  el_before_av_section  avia-builder-el-first   av-minimum-height av-minimum-height-25  container_wrap fullsize' style=' '  data-section-bg-repeat='stretch' data-av_minimum_height_pc='25'><div class='av-parallax' data-avia-parallax-ratio='0.3' ><div class='av-parallax-inner main_color  avia-full-stretch' style = 'background-repeat: no-repeat; background-image: url(\/dm-wp-content\/uploads\/sprachkaffee-hoevelhof_section-1.jpg);background-attachment: scroll; background-position: bottom center; ' ><\/div><\/div><div class='container' ><main  role=\"main\" itemprop=\"mainContentOfPage\"  class='template-page content  av-content-full alpha units'><div class='post-entry post-entry-type-page post-entry-561'><div class='entry-content-wrapper clearfix'>\n<\/div><\/div><\/main><!-- close content main element --><\/div><\/div><div id='av_section_2'  class='avia-section alternate_color avia-section-default avia-no-border-styling avia-bg-style-scroll  avia-builder-el-1  el_after_av_section  el_before_av_section   container_wrap fullsize' style=' '  ><div class='container' ><div class='template-page content  av-content-full alpha units'><div class='post-entry post-entry-type-page post-entry-561'><div class='entry-content-wrapper clearfix'>\n<div class=\"flex_column av_four_fifth  av-animated-generic right-to-left  flex_column_div av-zero-column-padding first  avia-builder-el-2  el_before_av_one_fifth  avia-builder-el-first  \" style='border-radius:0px; '><section class=\"av_textblock_section \"  itemscope=\"itemscope\" itemtype=\"https:\/\/schema.org\/CreativeWork\" ><div class='avia_textblock  '   itemprop=\"text\" ><h1>Brot und Mehr<\/h1>\n<\/div><\/section><\/div><div class=\"flex_column av_one_fifth  flex_column_div av-zero-column-padding   avia-builder-el-4  el_after_av_four_fifth  avia-builder-el-last  \" style='border-radius:0px; '><\/div>\n\n<\/div><\/div><\/div><!-- close content main div --><\/div><\/div><div id='av_section_3'  class='avia-section main_color avia-section-default avia-no-border-styling avia-bg-style-scroll  avia-builder-el-5  el_after_av_section  avia-builder-el-last   container_wrap fullsize' style=' '  ><div class='container' ><div class='template-page content  av-content-full alpha units'><div class='post-entry post-entry-type-page post-entry-561'><div class='entry-content-wrapper clearfix'>\n<div class=\"flex_column av_one_half  flex_column_div av-zero-column-padding first  avia-builder-el-6  el_before_av_one_half  avia-builder-el-first  \" style='border-radius:0px; '><div  class='avia-image-container  av-styling-    avia-builder-el-7  avia-builder-el-no-sibling  avia-align-center '  itemprop=\"image\" itemscope=\"itemscope\" itemtype=\"https:\/\/schema.org\/ImageObject\"  ><div class='avia-image-container-inner'><div class='avia-image-overlay-wrap'><img class='avia_image' src='\/dm-wp-content\/uploads\/20181230-Brot-100.jpg' alt='' title='20181230 Brot-100' height=\"300\" width=\"1054\"  itemprop=\"thumbnailUrl\"  \/><\/div><\/div><\/div><\/div><div class=\"flex_column av_one_half  flex_column_div av-zero-column-padding   avia-builder-el-8  el_after_av_one_half  el_before_av_one_full  \" style='border-radius:0px; '><section class=\"av_textblock_section \"  itemscope=\"itemscope\" itemtype=\"https:\/\/schema.org\/CreativeWork\" ><div class='avia_textblock  '   itemprop=\"text\" ><p>Hier kann man f\u00fcr einen Euro einen Korb mit Lebensmittel abholen, die von H\u00f6velhofer Gesch\u00e4ften und Firmen bereitgestellt werden. Die K\u00f6rbe k\u00f6nnen ein mal pro Woche abgeholt werden und sind je nach individuellem Bedarf zusammengestellt.<\/p>\n<\/div><\/section><\/div><div class=\"flex_column av_one_full  flex_column_div av-zero-column-padding first  avia-builder-el-10  el_after_av_one_half  el_before_av_one_fourth  column-top-margin\" style='border-radius:0px; '><section class=\"av_textblock_section \"  itemscope=\"itemscope\" itemtype=\"https:\/\/schema.org\/CreativeWork\" ><div class='avia_textblock  '   itemprop=\"text\" ><p>Um hier Kunde zu werden ben\u00f6tigt man eine Bescheinigung, die man entweder vom H\u00f6velhofer Jobcenter in Ostenland oder aber von der Asylstelle im Rathaus erh\u00e4lt. Damit geht man dann zu den \u00d6ffnungszeiten dort hin und gibt den Zettel den Mitarbeitern. Man erh\u00e4lt daraufhin einen kleineren Zettel mit einer Nummer und es wird einem der Abholtag genannt, Montags oder Donnerstags. Von nun an kann man dort die Lebensmittel abholen.<\/p>\n<\/div><\/section><\/div><div class=\"flex_column av_one_fourth  flex_column_div av-zero-column-padding first  avia-builder-el-12  el_after_av_one_full  el_before_av_one_fourth  column-top-margin\" style='border-radius:0px; '><div  class='avia-image-container  av-styling-    avia-builder-el-13  avia-builder-el-no-sibling  avia-align-center '  itemprop=\"image\" itemscope=\"itemscope\" itemtype=\"https:\/\/schema.org\/ImageObject\"  ><div class='avia-image-container-inner'><div class='avia-image-overlay-wrap'><img class='avia_image' src='\/dm-wp-content\/uploads\/20181230-Brot-102.jpg' alt='' title='20181230 Brot-102' height=\"300\" width=\"400\"  itemprop=\"thumbnailUrl\"  \/><\/div><\/div><\/div><\/div><div class=\"flex_column av_one_fourth  flex_column_div av-zero-column-padding   avia-builder-el-14  el_after_av_one_fourth  el_before_av_one_fourth  column-top-margin\" style='border-radius:0px; '><div  class='avia-image-container  av-styling-    avia-builder-el-15  avia-builder-el-no-sibling  avia-align-center '  itemprop=\"image\" itemscope=\"itemscope\" itemtype=\"https:\/\/schema.org\/ImageObject\"  ><div class='avia-image-container-inner'><div class='avia-image-overlay-wrap'><img class='avia_image' src='\/dm-wp-content\/uploads\/20181230-Brot-104.jpg' alt='' title='20181230 Brot-104' height=\"300\" width=\"400\"  itemprop=\"thumbnailUrl\"  \/><\/div><\/div><\/div><\/div><div class=\"flex_column av_one_fourth  flex_column_div av-zero-column-padding   avia-builder-el-16  el_after_av_one_fourth  el_before_av_one_fourth  column-top-margin\" style='border-radius:0px; '><div  class='avia-image-container  av-styling-    avia-builder-el-17  avia-builder-el-no-sibling  avia-align-center '  itemprop=\"image\" itemscope=\"itemscope\" itemtype=\"https:\/\/schema.org\/ImageObject\"  ><div class='avia-image-container-inner'><div class='avia-image-overlay-wrap'><img class='avia_image' src='\/dm-wp-content\/uploads\/20181230-Brot-103.jpg' alt='' title='20181230 Brot-103' height=\"300\" width=\"400\"  itemprop=\"thumbnailUrl\"  \/><\/div><\/div><\/div><\/div><div class=\"flex_column av_one_fourth  flex_column_div av-zero-column-padding   avia-builder-el-18  el_after_av_one_fourth  el_before_av_one_full  column-top-margin\" style='border-radius:0px; '><div  class='avia-image-container  av-styling-    avia-builder-el-19  avia-builder-el-no-sibling  avia-align-center '  itemprop=\"image\" itemscope=\"itemscope\" itemtype=\"https:\/\/schema.org\/ImageObject\"  ><div class='avia-image-container-inner'><div class='avia-image-overlay-wrap'><img class='avia_image' src='\/dm-wp-content\/uploads\/20181230-Brot-101.jpg' alt='' title='20181230 Brot-101' height=\"300\" width=\"400\"  itemprop=\"thumbnailUrl\"  \/><\/div><\/div><\/div><\/div><div class=\"flex_column av_one_full  flex_column_div av-zero-column-padding first  avia-builder-el-20  el_after_av_one_fourth  el_before_av_one_half  column-top-margin\" style='border-radius:0px; '><p><section class=\"av_textblock_section \"  itemscope=\"itemscope\" itemtype=\"https:\/\/schema.org\/CreativeWork\" ><div class='avia_textblock  '   itemprop=\"text\" ><p>Wenn man Allergien hat, Vegetarier oder Veganer ist oder gewisse Lebensmittel nicht konsumieren kann, sollte man das hier an dieser Stelle den Mitarbeitern mitteilen. Diese vermerken das dann und versuchen das entsprechend zu ber\u00fccksichtigen.<\/p>\n<\/div><\/section><br \/>\n<section class=\"av_textblock_section \"  itemscope=\"itemscope\" itemtype=\"https:\/\/schema.org\/CreativeWork\" ><div class='avia_textblock  '   itemprop=\"text\" ><p>Sollte dennoch einmal etwas im Korb landen, was man nicht ben\u00f6tigt, so hat es sich eingeb\u00fcrgert, diese Lebensmittel auf dem Packtisch im Raum abzulegen. Dadurch k\u00f6nnen andere Hilfebed\u00fcrftigen diese Produkte nehmen und es wird nichts verschwendet. Sollte man selber etwas vom Packtisch ben\u00f6tigen, so kann man das nat\u00fcrlich auch nehmen.<br \/>\nEinige besondere Produkte stehen gut sichtbar hinter dem Tresen, in einem Holzregal (siehe Photo). Dazu geh\u00f6ren Haarf\u00e4rbungen, Kerzen, Blumen und allerlei andere Produkte. Um diese kostenfrei zu erhalten, reicht es die ehrenamtlichen Helfer anzusprechen.<\/p>\n<\/div><\/section><\/p><\/div><div class=\"flex_column av_one_half  flex_column_div av-zero-column-padding first  avia-builder-el-23  el_after_av_one_full  el_before_av_one_half  column-top-margin\" style='border-radius:0px; '><section class=\"av_textblock_section \"  itemscope=\"itemscope\" itemtype=\"https:\/\/schema.org\/CreativeWork\" ><div class='avia_textblock  '   itemprop=\"text\" ><p><strong>Die Adresse ist:<\/strong><\/p>\n<p>H\u00f6velmarkt 12<br \/>\n33161 H\u00f6velhof<\/p>\n<\/div><\/section><\/div><div class=\"flex_column av_one_half  flex_column_div av-zero-column-padding   avia-builder-el-25  el_after_av_one_half  avia-builder-el-last  column-top-margin\" style='border-radius:0px; '><section class=\"av_textblock_section \"  itemscope=\"itemscope\" itemtype=\"https:\/\/schema.org\/CreativeWork\" ><div class='avia_textblock  '   itemprop=\"text\" ><p><strong>\u00d6ffnungszeiten:<\/strong><\/p>\n<p>Ge\u00f6ffnet ist Montags und Donnerstags von 12.30 Uhr bis 13.30 Uhr.<\/p>\n<\/div><\/section><\/div>\n","protected":false},"excerpt":{"rendered":"","protected":false},"author":1,"featured_media":0,"parent":521,"menu_order":0,"comment_status":"closed","ping_status":"closed","template":"","meta":{"footnotes":""},"yoast_head":"<!-- This site is optimized with the Yoast SEO plugin v23.5 - https:\/\/yoast.com\/wordpress\/plugins\/seo\/ -->\n<title>Pane e altro | Sprachkaffee<\/title>\n<meta name=\"robots\" content=\"index, follow, max-snippet:-1, max-image-preview:large, max-video-preview:-1\" \/>\n<link rel=\"canonical\" href=\"https:\/\/www.sprach-kaffee.de\/it\/was-ist-wo\/pane-e-altro\/\" \/>\n<meta property=\"og:locale\" content=\"it_IT\" \/>\n<meta property=\"og:type\" content=\"article\" \/>\n<meta property=\"og:title\" content=\"Pane e altro | Sprachkaffee\" \/>\n<meta property=\"og:url\" content=\"\/it\/was-ist-wo\/pane-e-altro\/\" \/>\n<meta property=\"og:site_name\" content=\"Sprachkaffee\" \/>\n<meta property=\"article:modified_time\" content=\"2019-01-08T15:39:18+00:00\" \/>\n<meta name=\"twitter:card\" content=\"summary_large_image\" \/>\n<meta name=\"twitter:label1\" content=\"Tempo di lettura stimato\" \/>\n\t<meta name=\"twitter:data1\" content=\"10 minuti\" \/>\n<script type=\"application\/ld+json\" class=\"yoast-schema-graph\">{\"@context\":\"https:\/\/schema.org\",\"@graph\":[{\"@type\":\"WebPage\",\"@id\":\"\/it\/was-ist-wo\/pane-e-altro\/\",\"url\":\"https:\/\/www.sprach-kaffee.de\/it\/was-ist-wo\/pane-e-altro\/\",\"name\":\"Pane e altro | Sprachkaffee\",\"isPartOf\":{\"@id\":\"https:\/\/www.sprach-kaffee.de\/it\/#website\"},\"datePublished\":\"2019-01-08T09:48:26+00:00\",\"dateModified\":\"2019-01-08T15:39:18+00:00\",\"breadcrumb\":{\"@id\":\"https:\/\/www.sprach-kaffee.de\/it\/was-ist-wo\/pane-e-altro\/#breadcrumb\"},\"inLanguage\":\"it-IT\",\"potentialAction\":[{\"@type\":\"ReadAction\",\"target\":[\"https:\/\/www.sprach-kaffee.de\/it\/was-ist-wo\/pane-e-altro\/\"]}]},{\"@type\":\"BreadcrumbList\",\"@id\":\"https:\/\/www.sprach-kaffee.de\/it\/was-ist-wo\/pane-e-altro\/#breadcrumb\",\"itemListElement\":[{\"@type\":\"ListItem\",\"position\":1,\"name\":\"Home\",\"item\":\"\/it\/startseite\/\"},{\"@type\":\"ListItem\",\"position\":2,\"name\":\"Che cosa \u00e8 dove\",\"item\":\"\/it\/was-ist-wo\/\"},{\"@type\":\"ListItem\",\"position\":3,\"name\":\"Pane e altro\"}]},{\"@type\":\"WebSite\",\"@id\":\"https:\/\/www.sprach-kaffee.de\/it\/#website\",\"url\":\"https:\/\/www.sprach-kaffee.de\/it\/\",\"name\":\"Sprachkaffee\",\"description\":\"Die Integrationshilfe in H\u00f6velhof\",\"potentialAction\":[{\"@type\":\"SearchAction\",\"target\":{\"@type\":\"EntryPoint\",\"urlTemplate\":\"https:\/\/www.sprach-kaffee.de\/it\/?s={search_term_string}\"},\"query-input\":{\"@type\":\"PropertyValueSpecification\",\"valueRequired\":true,\"valueName\":\"search_term_string\"}}],\"inLanguage\":\"it-IT\"}]}<\/script>\n<!-- \/ Yoast SEO plugin. -->","yoast_head_json":{"title":"Pane e altro | Sprachkaffee","robots":{"index":"index","follow":"follow","max-snippet":"max-snippet:-1","max-image-preview":"max-image-preview:large","max-video-preview":"max-video-preview:-1"},"canonical":"https:\/\/www.sprach-kaffee.de\/it\/was-ist-wo\/pane-e-altro\/","og_locale":"it_IT","og_type":"article","og_title":"Pane e altro | Sprachkaffee","og_url":"\/it\/was-ist-wo\/pane-e-altro\/","og_site_name":"Sprachkaffee","article_modified_time":"2019-01-08T15:39:18+00:00","twitter_card":"summary_large_image","twitter_misc":{"Tempo di lettura stimato":"10 minuti"},"schema":{"@context":"https:\/\/schema.org","@graph":[{"@type":"WebPage","@id":"\/it\/was-ist-wo\/pane-e-altro\/","url":"https:\/\/www.sprach-kaffee.de\/it\/was-ist-wo\/pane-e-altro\/","name":"Pane e altro | Sprachkaffee","isPartOf":{"@id":"https:\/\/www.sprach-kaffee.de\/it\/#website"},"datePublished":"2019-01-08T09:48:26+00:00","dateModified":"2019-01-08T15:39:18+00:00","breadcrumb":{"@id":"https:\/\/www.sprach-kaffee.de\/it\/was-ist-wo\/pane-e-altro\/#breadcrumb"},"inLanguage":"it-IT","potentialAction":[{"@type":"ReadAction","target":["https:\/\/www.sprach-kaffee.de\/it\/was-ist-wo\/pane-e-altro\/"]}]},{"@type":"BreadcrumbList","@id":"https:\/\/www.sprach-kaffee.de\/it\/was-ist-wo\/pane-e-altro\/#breadcrumb","itemListElement":[{"@type":"ListItem","position":1,"name":"Home","item":"\/it\/startseite\/"},{"@type":"ListItem","position":2,"name":"Che cosa \u00e8 dove","item":"\/it\/was-ist-wo\/"},{"@type":"ListItem","position":3,"name":"Pane e altro"}]},{"@type":"WebSite","@id":"https:\/\/www.sprach-kaffee.de\/it\/#website","url":"https:\/\/www.sprach-kaffee.de\/it\/","name":"Sprachkaffee","description":"Die Integrationshilfe in H\u00f6velhof","potentialAction":[{"@type":"SearchAction","target":{"@type":"EntryPoint","urlTemplate":"https:\/\/www.sprach-kaffee.de\/it\/?s={search_term_string}"},"query-input":{"@type":"PropertyValueSpecification","valueRequired":true,"valueName":"search_term_string"}}],"inLanguage":"it-IT"}]}},"_links":{"self":[{"href":"https:\/\/www.sprach-kaffee.de\/it\/wp-json\/wp\/v2\/pages\/561"}],"collection":[{"href":"https:\/\/www.sprach-kaffee.de\/it\/wp-json\/wp\/v2\/pages"}],"about":[{"href":"https:\/\/www.sprach-kaffee.de\/it\/wp-json\/wp\/v2\/types\/page"}],"author":[{"embeddable":true,"href":"https:\/\/www.sprach-kaffee.de\/it\/wp-json\/wp\/v2\/users\/1"}],"replies":[{"embeddable":true,"href":"https:\/\/www.sprach-kaffee.de\/it\/wp-json\/wp\/v2\/comments?post=561"}],"version-history":[{"count":2,"href":"https:\/\/www.sprach-kaffee.de\/it\/wp-json\/wp\/v2\/pages\/561\/revisions"}],"predecessor-version":[{"id":704,"href":"https:\/\/www.sprach-kaffee.de\/it\/wp-json\/wp\/v2\/pages\/561\/revisions\/704"}],"up":[{"embeddable":true,"href":"https:\/\/www.sprach-kaffee.de\/it\/wp-json\/wp\/v2\/pages\/521"}],"wp:attachment":[{"href":"https:\/\/www.sprach-kaffee.de\/it\/wp-json\/wp\/v2\/media?parent=561"}],"curies":[{"name":"wp","href":"https:\/\/api.w.org\/{rel}","templated":true}]}}