{"id":577,"date":"2019-01-07T15:18:14","date_gmt":"2019-01-07T15:18:14","guid":{"rendered":"https:\/\/www.sprach-kaffee.de\/was-ist-wo\/das-rathaus\/"},"modified":"2019-01-08T13:11:53","modified_gmt":"2019-01-08T13:11:53","slug":"il-municipio","status":"publish","type":"page","link":"\/it\/was-ist-wo\/il-municipio\/","title":{"rendered":"Il municipio"},"content":{"rendered":"<div id='av_section_1'  class='avia-section main_color avia-section-default avia-no-border-styling avia-full-stretch av-parallax-section avia-bg-style-parallax  avia-builder-el-0  el_before_av_section  avia-builder-el-first   av-minimum-height av-minimum-height-25  container_wrap fullsize' style=' '  data-section-bg-repeat='stretch' data-av_minimum_height_pc='25'><div class='av-parallax' data-avia-parallax-ratio='0.3' ><div class='av-parallax-inner main_color  avia-full-stretch' style = 'background-repeat: no-repeat; background-image: url(\/dm-wp-content\/uploads\/sprachkaffee-hoevelhof_section-1.jpg);background-attachment: scroll; background-position: bottom center; ' ><\/div><\/div><div class='container' ><main  role=\"main\" itemprop=\"mainContentOfPage\"  class='template-page content  av-content-full alpha units'><div class='post-entry post-entry-type-page post-entry-577'><div class='entry-content-wrapper clearfix'>\n<\/div><\/div><\/main><!-- close content main element --><\/div><\/div><div id='av_section_2'  class='avia-section alternate_color avia-section-default avia-no-border-styling avia-bg-style-scroll  avia-builder-el-1  el_after_av_section  el_before_av_section   container_wrap fullsize' style=' '  ><div class='container' ><div class='template-page content  av-content-full alpha units'><div class='post-entry post-entry-type-page post-entry-577'><div class='entry-content-wrapper clearfix'>\n<div class=\"flex_column av_four_fifth  av-animated-generic right-to-left  flex_column_div av-zero-column-padding first  avia-builder-el-2  el_before_av_one_fifth  avia-builder-el-first  \" style='border-radius:0px; '><section class=\"av_textblock_section \"  itemscope=\"itemscope\" itemtype=\"https:\/\/schema.org\/CreativeWork\" ><div class='avia_textblock  '   itemprop=\"text\" ><h1>Das Rathaus<\/h1>\n<\/div><\/section><\/div><div class=\"flex_column av_one_fifth  flex_column_div av-zero-column-padding   avia-builder-el-4  el_after_av_four_fifth  avia-builder-el-last  \" style='border-radius:0px; '><\/div>\n\n<\/div><\/div><\/div><!-- close content main div --><\/div><\/div><div id='av_section_3'  class='avia-section main_color avia-section-default avia-no-border-styling avia-bg-style-scroll  avia-builder-el-5  el_after_av_section  avia-builder-el-last   container_wrap fullsize' style=' '  ><div class='container' ><div class='template-page content  av-content-full alpha units'><div class='post-entry post-entry-type-page post-entry-577'><div class='entry-content-wrapper clearfix'>\n<div class=\"flex_column av_one_half  flex_column_div av-zero-column-padding first  avia-builder-el-6  el_before_av_one_half  avia-builder-el-first  \" style='border-radius:0px; '><div  class='avia-image-container  av-styling-    avia-builder-el-7  avia-builder-el-no-sibling  avia-align-center '  itemprop=\"image\" itemscope=\"itemscope\" itemtype=\"https:\/\/schema.org\/ImageObject\"  ><div class='avia-image-container-inner'><div class='avia-image-overlay-wrap'><img class='avia_image' src='\/dm-wp-content\/uploads\/Rathaus-small-100.jpg' alt='' title='Rathaus small-100' height=\"300\" width=\"660\"  itemprop=\"thumbnailUrl\"  \/><\/div><\/div><\/div><\/div><div class=\"flex_column av_one_half  flex_column_div av-zero-column-padding   avia-builder-el-8  el_after_av_one_half  el_before_av_one_full  \" style='border-radius:0px; '><section class=\"av_textblock_section \"  itemscope=\"itemscope\" itemtype=\"https:\/\/schema.org\/CreativeWork\" ><div class='avia_textblock  '   itemprop=\"text\" ><p>Viele nennen das Rathaus \u201eSozial\u201c, das ist aber so nicht richtig. Das Rathaus ist das Zentrum von H\u00f6velhof.<\/p>\n<p>Hier gibt es nicht nur das Sozialamt, die eigentlich die verbundene Renten Sozial und Asylstelle ist, sondern es treffen sich hier auch die Politiker, um \u00fcber die Zukunft von H\u00f6velhof zu beraten in den Sitzungss\u00e4len.<\/p>\n<\/div><\/section><\/div><div class=\"flex_column av_one_full  flex_column_div av-zero-column-padding first  avia-builder-el-10  el_after_av_one_half  el_before_av_one_fourth  column-top-margin\" style='border-radius:0px; '><section class=\"av_textblock_section \"  itemscope=\"itemscope\" itemtype=\"https:\/\/schema.org\/CreativeWork\" ><div class='avia_textblock  '   itemprop=\"text\" ><p>Daneben gibt es noch das Jugendamt, das sich um alle Belange rund um Kinder und Jugendliche k\u00fcmmert und ber\u00e4t. Die Frau Pippert und die Frau Demir-Jarrar vom Jugendamt Paderborn haben hier, in den Zimmern 5 und 7, jeden Donnerstag von 16 Uhr \u2013 18 Uhr Sprechstunde.<br \/>\nTelefonisch kann man aber auch zu anderen Zeiten einen Termin mit den Damen vereinbaren.<br \/>\nSie erreichen die Mitarbeiterinnen unter der Telefonnr.: 0 52 57 \/ 5009-105, 205 und 107In den \u00fcbrigen Zeiten erreichen Sie die Mitarbeiter zu den normalen Gesch\u00e4ftszeiten der Kreisverwaltung unter den Telefonnummern: 0 52 51 \/ 3 08 -5141, -5145, -5149 und den Innendienst unter \u2013 5188<\/p>\n<\/div><\/section><\/div><div class=\"flex_column av_one_fourth  flex_column_div av-zero-column-padding first  avia-builder-el-12  el_after_av_one_full  el_before_av_one_fourth  column-top-margin\" style='border-radius:0px; '><div  class='avia-image-container  av-styling-    avia-builder-el-13  avia-builder-el-no-sibling  avia-align-center '  itemprop=\"image\" itemscope=\"itemscope\" itemtype=\"https:\/\/schema.org\/ImageObject\"  ><div class='avia-image-container-inner'><div class='avia-image-overlay-wrap'><img class='avia_image' src='\/dm-wp-content\/uploads\/Rathaus-small-101.jpg' alt='' title='Rathaus small-101' height=\"300\" width=\"400\"  itemprop=\"thumbnailUrl\"  \/><\/div><\/div><\/div><\/div><div class=\"flex_column av_one_fourth  flex_column_div av-zero-column-padding   avia-builder-el-14  el_after_av_one_fourth  el_before_av_one_fourth  column-top-margin\" style='border-radius:0px; '><div  class='avia-image-container  av-styling-    avia-builder-el-15  avia-builder-el-no-sibling  avia-align-center '  itemprop=\"image\" itemscope=\"itemscope\" itemtype=\"https:\/\/schema.org\/ImageObject\"  ><div class='avia-image-container-inner'><div class='avia-image-overlay-wrap'><img class='avia_image' src='\/dm-wp-content\/uploads\/Rathaus-small-104.jpg' alt='' title='Rathaus small-104' height=\"300\" width=\"400\"  itemprop=\"thumbnailUrl\"  \/><\/div><\/div><\/div><\/div><div class=\"flex_column av_one_fourth  flex_column_div av-zero-column-padding   avia-builder-el-16  el_after_av_one_fourth  el_before_av_one_fourth  column-top-margin\" style='border-radius:0px; '><div  class='avia-image-container  av-styling-    avia-builder-el-17  avia-builder-el-no-sibling  avia-align-center '  itemprop=\"image\" itemscope=\"itemscope\" itemtype=\"https:\/\/schema.org\/ImageObject\"  ><div class='avia-image-container-inner'><div class='avia-image-overlay-wrap'><img class='avia_image' src='\/dm-wp-content\/uploads\/Rathaus-small-103.jpg' alt='' title='Rathaus small-103' height=\"300\" width=\"400\"  itemprop=\"thumbnailUrl\"  \/><\/div><\/div><\/div><\/div><div class=\"flex_column av_one_fourth  flex_column_div av-zero-column-padding   avia-builder-el-18  el_after_av_one_fourth  el_before_av_one_full  column-top-margin\" style='border-radius:0px; '><div  class='avia-image-container  av-styling-    avia-builder-el-19  avia-builder-el-no-sibling  avia-align-center '  itemprop=\"image\" itemscope=\"itemscope\" itemtype=\"https:\/\/schema.org\/ImageObject\"  ><div class='avia-image-container-inner'><div class='avia-image-overlay-wrap'><img class='avia_image' src='\/dm-wp-content\/uploads\/Rathaus-small-105.jpg' alt='' title='Rathaus small-105' height=\"300\" width=\"400\"  itemprop=\"thumbnailUrl\"  \/><\/div><\/div><\/div><\/div><div class=\"flex_column av_one_full  flex_column_div av-zero-column-padding first  avia-builder-el-20  el_after_av_one_fourth  el_before_av_one_half  column-top-margin\" style='border-radius:0px; '><p><section class=\"av_textblock_section \"  itemscope=\"itemscope\" itemtype=\"https:\/\/schema.org\/CreativeWork\" ><div class='avia_textblock  '   itemprop=\"text\" ><p>Hier ist dazu auch noch das B\u00fcro des Integrationshelfers von den Maltesern, Herrn Ralf Daut. Er ist der beste Ansprechpartner f\u00fcr alle Fl\u00fcchtlings und Mirgationsfragen. Seine \u00d6ffnungszeiten sind Montags, Dienstags und Donnerstags, von 11 Uhr bis 14 Uhr und am Mittwoch ist er bei uns im Sprachkaffee von 16.30 Uhr bis 18.30 Uhr. Da er hin und wieder auch Au\u00dfeneins\u00e4tze hat, wie Hausbesuche oder Beh\u00f6rdenbegleitungen, macht es Sinn vorher mit ihm einen Termin telefonisch zu vereinbaren oder aber ihn einfach im Sprachkaffee anzusprechen.<\/p>\n<\/div><\/section><br \/>\n<section class=\"av_textblock_section \"  itemscope=\"itemscope\" itemtype=\"https:\/\/schema.org\/CreativeWork\" ><div class='avia_textblock  '   itemprop=\"text\" ><p>Das Jobcenter wurde leider nach Ostenland ausgelagert, dort gibt es aber die M\u00f6glichkeit per Telefon oder E-Mail den gr\u00f6\u00dften Teil der Anfragen abzuarbeiten.<\/p>\n<\/div><\/section><br \/>\n<section class=\"av_textblock_section \"  itemscope=\"itemscope\" itemtype=\"https:\/\/schema.org\/CreativeWork\" ><div class='avia_textblock  '   itemprop=\"text\" ><p>Das ist nur eine kleine Auswahl der verschiedenen Angebote vom Rathaus.<\/p>\n<\/div><\/section><\/p><\/div><div class=\"flex_column av_one_half  flex_column_div av-zero-column-padding first  avia-builder-el-24  el_after_av_one_full  el_before_av_one_half  column-top-margin\" style='border-radius:0px; '><section class=\"av_textblock_section \"  itemscope=\"itemscope\" itemtype=\"https:\/\/schema.org\/CreativeWork\" ><div class='avia_textblock  '   itemprop=\"text\" ><p><strong>Die Adresse ist:<\/strong><\/p>\n<p>Sennegemeinde H\u00f6velhof<br \/>\nPostfach 1162<br \/>\nSchlo\u00dfstr. 14<br \/>\n33161 H\u00f6velhof<\/p>\n<p>Telefon: 05257\/5009-0<br \/>\nTelefax: 05257\/5009-282<br \/>\nE-Mail: <a href=\"mailto:info@hoevelhof.de\">info@hoevelhof.de<\/a><br \/>\n<a href=\"http:\/\/www.hoevelhof.de\/\" target=\"_blank\" rel=\"noopener\">www.hoevelhof.de<\/a><\/p>\n<\/div><\/section><\/div><div class=\"flex_column av_one_half  flex_column_div av-zero-column-padding   avia-builder-el-26  el_after_av_one_half  avia-builder-el-last  column-top-margin\" style='border-radius:0px; '><section class=\"av_textblock_section \"  itemscope=\"itemscope\" itemtype=\"https:\/\/schema.org\/CreativeWork\" ><div class='avia_textblock  '   itemprop=\"text\" ><p><strong>Die \u00d6ffnungszeiten sind:<\/strong><br \/>\nMo &#8211; Fr: 08.30 &#8211; 12.00 Uhr<br \/>\nDi: 14.00 &#8211; 16.00 Uhr<br \/>\nDo: 14.00 &#8211; 17.30 Uhr oder nach Vereinbarung<\/p>\n<p><strong>B\u00fcrgerservice:<\/strong><br \/>\nMo 07.30 &#8211; 14.00 Uhr<br \/>\nDi 07.30 &#8211; 17.00 Uhr<br \/>\nMi 07.30 &#8211; 14.00 Uhr<br \/>\nDo 07.30 &#8211; 18.00 Uhr<br \/>\nFr 07.30 &#8211; 12.30 Uhr<\/p>\n<\/div><\/section><\/div>\n\n","protected":false},"excerpt":{"rendered":"","protected":false},"author":1,"featured_media":0,"parent":521,"menu_order":0,"comment_status":"closed","ping_status":"closed","template":"","meta":{"footnotes":""},"yoast_head":"<!-- This site is optimized with the Yoast SEO plugin v23.5 - https:\/\/yoast.com\/wordpress\/plugins\/seo\/ -->\n<title>Il municipio | Sprachkaffee<\/title>\n<meta name=\"robots\" content=\"index, follow, max-snippet:-1, max-image-preview:large, max-video-preview:-1\" \/>\n<link rel=\"canonical\" href=\"https:\/\/www.sprach-kaffee.de\/it\/was-ist-wo\/il-municipio\/\" \/>\n<meta property=\"og:locale\" content=\"it_IT\" \/>\n<meta property=\"og:type\" content=\"article\" \/>\n<meta property=\"og:title\" content=\"Il municipio | Sprachkaffee\" \/>\n<meta property=\"og:url\" content=\"\/it\/was-ist-wo\/il-municipio\/\" \/>\n<meta property=\"og:site_name\" content=\"Sprachkaffee\" \/>\n<meta property=\"article:modified_time\" content=\"2019-01-08T13:11:53+00:00\" \/>\n<meta name=\"twitter:card\" content=\"summary_large_image\" \/>\n<meta name=\"twitter:label1\" content=\"Tempo di lettura stimato\" \/>\n\t<meta name=\"twitter:data1\" content=\"11 minuti\" \/>\n<script type=\"application\/ld+json\" class=\"yoast-schema-graph\">{\"@context\":\"https:\/\/schema.org\",\"@graph\":[{\"@type\":\"WebPage\",\"@id\":\"\/it\/was-ist-wo\/il-municipio\/\",\"url\":\"https:\/\/www.sprach-kaffee.de\/it\/was-ist-wo\/il-municipio\/\",\"name\":\"Il municipio | Sprachkaffee\",\"isPartOf\":{\"@id\":\"https:\/\/www.sprach-kaffee.de\/it\/#website\"},\"datePublished\":\"2019-01-07T15:18:14+00:00\",\"dateModified\":\"2019-01-08T13:11:53+00:00\",\"breadcrumb\":{\"@id\":\"https:\/\/www.sprach-kaffee.de\/it\/was-ist-wo\/il-municipio\/#breadcrumb\"},\"inLanguage\":\"it-IT\",\"potentialAction\":[{\"@type\":\"ReadAction\",\"target\":[\"https:\/\/www.sprach-kaffee.de\/it\/was-ist-wo\/il-municipio\/\"]}]},{\"@type\":\"BreadcrumbList\",\"@id\":\"https:\/\/www.sprach-kaffee.de\/it\/was-ist-wo\/il-municipio\/#breadcrumb\",\"itemListElement\":[{\"@type\":\"ListItem\",\"position\":1,\"name\":\"Home\",\"item\":\"\/it\/startseite\/\"},{\"@type\":\"ListItem\",\"position\":2,\"name\":\"Che cosa \u00e8 dove\",\"item\":\"\/it\/was-ist-wo\/\"},{\"@type\":\"ListItem\",\"position\":3,\"name\":\"Il municipio\"}]},{\"@type\":\"WebSite\",\"@id\":\"https:\/\/www.sprach-kaffee.de\/it\/#website\",\"url\":\"https:\/\/www.sprach-kaffee.de\/it\/\",\"name\":\"Sprachkaffee\",\"description\":\"Die Integrationshilfe in H\u00f6velhof\",\"potentialAction\":[{\"@type\":\"SearchAction\",\"target\":{\"@type\":\"EntryPoint\",\"urlTemplate\":\"https:\/\/www.sprach-kaffee.de\/it\/?s={search_term_string}\"},\"query-input\":{\"@type\":\"PropertyValueSpecification\",\"valueRequired\":true,\"valueName\":\"search_term_string\"}}],\"inLanguage\":\"it-IT\"}]}<\/script>\n<!-- \/ Yoast SEO plugin. -->","yoast_head_json":{"title":"Il municipio | Sprachkaffee","robots":{"index":"index","follow":"follow","max-snippet":"max-snippet:-1","max-image-preview":"max-image-preview:large","max-video-preview":"max-video-preview:-1"},"canonical":"https:\/\/www.sprach-kaffee.de\/it\/was-ist-wo\/il-municipio\/","og_locale":"it_IT","og_type":"article","og_title":"Il municipio | Sprachkaffee","og_url":"\/it\/was-ist-wo\/il-municipio\/","og_site_name":"Sprachkaffee","article_modified_time":"2019-01-08T13:11:53+00:00","twitter_card":"summary_large_image","twitter_misc":{"Tempo di lettura stimato":"11 minuti"},"schema":{"@context":"https:\/\/schema.org","@graph":[{"@type":"WebPage","@id":"\/it\/was-ist-wo\/il-municipio\/","url":"https:\/\/www.sprach-kaffee.de\/it\/was-ist-wo\/il-municipio\/","name":"Il municipio | Sprachkaffee","isPartOf":{"@id":"https:\/\/www.sprach-kaffee.de\/it\/#website"},"datePublished":"2019-01-07T15:18:14+00:00","dateModified":"2019-01-08T13:11:53+00:00","breadcrumb":{"@id":"https:\/\/www.sprach-kaffee.de\/it\/was-ist-wo\/il-municipio\/#breadcrumb"},"inLanguage":"it-IT","potentialAction":[{"@type":"ReadAction","target":["https:\/\/www.sprach-kaffee.de\/it\/was-ist-wo\/il-municipio\/"]}]},{"@type":"BreadcrumbList","@id":"https:\/\/www.sprach-kaffee.de\/it\/was-ist-wo\/il-municipio\/#breadcrumb","itemListElement":[{"@type":"ListItem","position":1,"name":"Home","item":"\/it\/startseite\/"},{"@type":"ListItem","position":2,"name":"Che cosa \u00e8 dove","item":"\/it\/was-ist-wo\/"},{"@type":"ListItem","position":3,"name":"Il municipio"}]},{"@type":"WebSite","@id":"https:\/\/www.sprach-kaffee.de\/it\/#website","url":"https:\/\/www.sprach-kaffee.de\/it\/","name":"Sprachkaffee","description":"Die Integrationshilfe in H\u00f6velhof","potentialAction":[{"@type":"SearchAction","target":{"@type":"EntryPoint","urlTemplate":"https:\/\/www.sprach-kaffee.de\/it\/?s={search_term_string}"},"query-input":{"@type":"PropertyValueSpecification","valueRequired":true,"valueName":"search_term_string"}}],"inLanguage":"it-IT"}]}},"_links":{"self":[{"href":"https:\/\/www.sprach-kaffee.de\/it\/wp-json\/wp\/v2\/pages\/577"}],"collection":[{"href":"https:\/\/www.sprach-kaffee.de\/it\/wp-json\/wp\/v2\/pages"}],"about":[{"href":"https:\/\/www.sprach-kaffee.de\/it\/wp-json\/wp\/v2\/types\/page"}],"author":[{"embeddable":true,"href":"https:\/\/www.sprach-kaffee.de\/it\/wp-json\/wp\/v2\/users\/1"}],"replies":[{"embeddable":true,"href":"https:\/\/www.sprach-kaffee.de\/it\/wp-json\/wp\/v2\/comments?post=577"}],"version-history":[{"count":2,"href":"https:\/\/www.sprach-kaffee.de\/it\/wp-json\/wp\/v2\/pages\/577\/revisions"}],"predecessor-version":[{"id":647,"href":"https:\/\/www.sprach-kaffee.de\/it\/wp-json\/wp\/v2\/pages\/577\/revisions\/647"}],"up":[{"embeddable":true,"href":"https:\/\/www.sprach-kaffee.de\/it\/wp-json\/wp\/v2\/pages\/521"}],"wp:attachment":[{"href":"https:\/\/www.sprach-kaffee.de\/it\/wp-json\/wp\/v2\/media?parent=577"}],"curies":[{"name":"wp","href":"https:\/\/api.w.org\/{rel}","templated":true}]}}